{"id":12122,"date":"2025-03-21T14:46:43","date_gmt":"2025-03-21T18:46:43","guid":{"rendered":"http:\/\/als-04.eproofs.ca\/certificado-de-asuntos-regulatorios-apostilla-de-la-haya-autenticacion-y-legalizacion\/"},"modified":"2025-03-21T14:46:53","modified_gmt":"2025-03-21T18:46:53","slug":"certificado-de-asuntos-regulatorios-apostilla-de-la-haya-autenticacion-y-legalizacion","status":"publish","type":"page","link":"https:\/\/www.globaldocumentsolutions.com\/es\/certificado-de-asuntos-regulatorios-apostilla-de-la-haya-autenticacion-y-legalizacion\/","title":{"rendered":"Autentificaci\u00f3n y legalizaci\u00f3n de documentos sobre productos farmac\u00e9uticos y asuntos regulatorios."},"content":{"rendered":"<p><div class=\"fusion-fullwidth fullwidth-box fusion-builder-row-1 fusion-flex-container has-pattern-background has-mask-background hundred-percent-fullwidth non-hundred-percent-height-scrolling\" style=\"--awb-border-radius-top-left:0px;--awb-border-radius-top-right:0px;--awb-border-radius-bottom-right:0px;--awb-border-radius-bottom-left:0px;--awb-overflow:visible;--awb-padding-right:0px;--awb-padding-left:0px;--awb-flex-wrap:wrap;\" ><div class=\"fusion-builder-row fusion-row fusion-flex-align-items-flex-start fusion-flex-content-wrap\" style=\"width:104% !important;max-width:104% !important;margin-left: calc(-4% \/ 2 );margin-right: calc(-4% \/ 2 );\"><div class=\"fusion-layout-column fusion_builder_column fusion-builder-column-0 fusion_builder_column_1_1 1_1 fusion-flex-column fusion-flex-align-self-flex-start fusion-column-no-min-height\" style=\"--awb-bg-size:cover;--awb-width-large:100%;--awb-margin-top-large:0px;--awb-spacing-right-large:1.92%;--awb-margin-bottom-large:0px;--awb-spacing-left-large:1.92%;--awb-width-medium:100%;--awb-spacing-right-medium:1.92%;--awb-spacing-left-medium:1.92%;--awb-width-small:100%;--awb-spacing-right-small:1.92%;--awb-spacing-left-small:1.92%;\"><div class=\"fusion-column-wrapper fusion-flex-justify-content-flex-start fusion-content-layout-column\">\n<div class=\"fusion-slider-revolution rev_slider_wrapper\">\t\t\t<!-- START ES Pharma REVOLUTION SLIDER 6.6.16 --><p class=\"rs-p-wp-fix\"><\/p>\n\t\t\t<rs-module-wrap id=\"rev_slider_244_1_wrapper\" data-source=\"gallery\" style=\"visibility:hidden;background:#aaaaaa;padding:0;margin:0px auto;margin-top:0;margin-bottom:0;\">\n\t\t\t\t<rs-module id=\"rev_slider_244_1\" style=\"\" data-version=\"6.6.16\">\n\t\t\t\t\t<rs-slides style=\"overflow: hidden; position: absolute;\">\n\t\t\t\t\t\t<rs-slide style=\"position: absolute;\" data-key=\"rs-365\" data-title=\"Slide\" data-anim=\"ms:600;r:0;\" data-in=\"o:0;\" data-out=\"a:false;\">\n\t\t\t\t\t\t\t<img decoding=\"async\" src=\"\/\/www.globaldocumentsolutions.com\/wp-content\/plugins\/revslider\/public\/assets\/assets\/dummy.png\" alt=\"Slide\" title=\"Autentificaci\u00f3n y legalizaci\u00f3n de documentos sobre productos farmac\u00e9uticos y asuntos regulatorios.\" class=\"rev-slidebg tp-rs-img rs-lazyload\" data-lazyload=\"\/\/www.globaldocumentsolutions.com\/wp-content\/plugins\/revslider\/public\/assets\/assets\/transparent.png\" data-bg=\"c:linear-gradient(120deg, rgba(203,186,204,1) 0%, rgba(36,57,73,1) 100%);\" data-parallax=\"off\" data-no-retina>\n<!--\n\t\t\t\t\t\t\t--><rs-layer\n\t\t\t\t\t\t\t\tid=\"slider-244-slide-365-layer-1\" \n\t\t\t\t\t\t\t\tclass=\"rs-pxl-2\"\n\t\t\t\t\t\t\t\tdata-type=\"image\"\n\t\t\t\t\t\t\t\tdata-rsp_ch=\"on\"\n\t\t\t\t\t\t\t\tdata-xy=\"x:c;xo:-500px,-500px,-390px,-220px;y:m;\"\n\t\t\t\t\t\t\t\tdata-text=\"l:22;a:inherit;\"\n\t\t\t\t\t\t\t\tdata-dim=\"w:1000px,1000px,800px,500px;h:750px,563px,450px,281px;\"\n\t\t\t\t\t\t\t\tdata-frame_0=\"o:1;\"\n\t\t\t\t\t\t\t\tdata-frame_0_sfx=\"se:blocktoleft;fxc:#243949;\"\n\t\t\t\t\t\t\t\tdata-frame_1=\"st:200;sp:750;sR:200;\"\n\t\t\t\t\t\t\t\tdata-frame_1_sfx=\"se:blocktoleft;fxc:#243949;\"\n\t\t\t\t\t\t\t\tdata-frame_999=\"z:0;e:power4.out;st:w;sp:500;sR:8050;\"\n\t\t\t\t\t\t\t\tstyle=\"z-index:12;\"\n\t\t\t\t\t\t\t><img decoding=\"async\" src=\"\/\/www.globaldocumentsolutions.com\/wp-content\/plugins\/revslider\/public\/assets\/assets\/dummy.png\" alt=\"\" class=\"tp-rs-img rs-lazyload\" data-lazyload=\"\/\/www.globaldocumentsolutions.com\/wp-content\/uploads\/2015\/10\/Pile-O-docs-with-Global Document Solutions-Logo-ENG-e1501860373924.jpg\" data-no-retina> \n\t\t\t\t\t\t\t<\/rs-layer><!--\n\n\t\t\t\t\t\t\t--><rs-layer\n\t\t\t\t\t\t\t\tid=\"slider-244-slide-365-layer-2\" \n\t\t\t\t\t\t\t\tdata-type=\"text\"\n\t\t\t\t\t\t\t\tdata-rsp_ch=\"on\"\n\t\t\t\t\t\t\t\tdata-xy=\"xo:682px,240px,110px,80px;y:m;yo:-43px,-30px,-30px,-30px;\"\n\t\t\t\t\t\t\t\tdata-text=\"w:normal;s:70,70,70,50;l:70,70,70,50;ls:-2px;a:center,right,right,right;\"\n\t\t\t\t\t\t\t\tdata-dim=\"w:475px,650px,620px,380px;h:237px,auto,auto,auto;\"\n\t\t\t\t\t\t\t\tdata-padding=\"t:20;r:20;b:30;l:20;\"\n\t\t\t\t\t\t\t\tdata-frame_0=\"o:1;\"\n\t\t\t\t\t\t\t\tdata-frame_0_sfx=\"se:blocktoleft;fxc:#cbbacc;\"\n\t\t\t\t\t\t\t\tdata-frame_1=\"st:300;sp:750;sR:300;\"\n\t\t\t\t\t\t\t\tdata-frame_1_sfx=\"se:blocktoleft;fxc:#cbbacc;\"\n\t\t\t\t\t\t\t\tdata-frame_999=\"z:0;e:power4.out;st:w;sp:500;sR:7950;\"\n\t\t\t\t\t\t\t\tstyle=\"z-index:15;font-family:'Poppins';\"\n\t\t\t\t\t\t\t>Lo llevamos al mercado r\u00e1pidamente. \n\t\t\t\t\t\t\t<\/rs-layer><!--\n\n\t\t\t\t\t\t\t--><rs-layer\n\t\t\t\t\t\t\t\tid=\"slider-244-slide-365-layer-3\" \n\t\t\t\t\t\t\t\tdata-type=\"text\"\n\t\t\t\t\t\t\t\tdata-rsp_ch=\"on\"\n\t\t\t\t\t\t\t\tdata-xy=\"x:r,l,l,l;xo:74px,700px,540px,270px;y:m;yo:-235px,-177px,-177px,-157px;\"\n\t\t\t\t\t\t\t\tdata-text=\"w:normal;l:20;ls:10px;a:center,left,left,left;\"\n\t\t\t\t\t\t\t\tdata-padding=\"t:10;r:20;b:10;l:20;\"\n\t\t\t\t\t\t\t\tdata-frame_0=\"o:1;\"\n\t\t\t\t\t\t\t\tdata-frame_0_sfx=\"se:blocktoleft;fxc:#cbbacc;\"\n\t\t\t\t\t\t\t\tdata-frame_1=\"st:400;sp:750;sR:400;\"\n\t\t\t\t\t\t\t\tdata-frame_1_sfx=\"se:blocktoleft;fxc:#cbbacc;\"\n\t\t\t\t\t\t\t\tdata-frame_999=\"z:0;e:power4.out;st:w;sp:500;sR:7850;\"\n\t\t\t\t\t\t\t\tstyle=\"z-index:14;font-family:'Poppins';\"\n\t\t\t\t\t\t\t>Farmac\u00e9utico y M\u00e9dico \n\t\t\t\t\t\t\t<\/rs-layer><!--\n\n\t\t\t\t\t\t\t--><a\n\t\t\t\t\t\t\t\tid=\"slider-244-slide-365-layer-29\" \n\t\t\t\t\t\t\t\tclass=\"rs-layer rev-btn\"\n\t\t\t\t\t\t\t\thref=\"https:\/\/www.globaldocumentsolutions.com\/es\/solicitud-de-cotizacion\/\" target=\"_self\" rel=\"nofollow\"\n\t\t\t\t\t\t\t\tdata-type=\"button\"\n\t\t\t\t\t\t\t\tdata-color=\"rgba(255,255,255,1)\"\n\t\t\t\t\t\t\t\tdata-rsp_ch=\"on\"\n\t\t\t\t\t\t\t\tdata-xy=\"xo:754px,760px,600px,330px;y:m;yo:205px,150px,150px,110px;\"\n\t\t\t\t\t\t\t\tdata-text=\"w:normal;s:15;l:50;ls:2px;a:center,inherit,inherit,inherit;\"\n\t\t\t\t\t\t\t\tdata-dim=\"w:345px,auto,auto,auto;h:52px,auto,auto,auto;\"\n\t\t\t\t\t\t\t\tdata-padding=\"r:30;l:30;\"\n\t\t\t\t\t\t\t\tdata-border=\"bos:solid;boc:#ffffff;bow:1px,1px,1px,1px;\"\n\t\t\t\t\t\t\t\tdata-frame_0=\"o:1;\"\n\t\t\t\t\t\t\t\tdata-frame_0_sfx=\"se:blocktoleft;fxc:#cbbacc;\"\n\t\t\t\t\t\t\t\tdata-frame_1=\"st:500;sp:750;sR:500;\"\n\t\t\t\t\t\t\t\tdata-frame_1_sfx=\"se:blocktoleft;fxc:#cbbacc;\"\n\t\t\t\t\t\t\t\tdata-frame_999=\"z:0;e:power4.out;st:w;sp:500;sR:7750;\"\n\t\t\t\t\t\t\t\tdata-frame_hover=\"c:#000;bgc:#fff;boc:#fff;bor:0px,0px,0px,0px;bos:solid;bow:1px,1px,1px,1px;oX:50;oY:50;sp:0;e:none;\"\n\t\t\t\t\t\t\t\tstyle=\"z-index:9;font-family:'Poppins';cursor:pointer;outline:none;box-shadow:none;box-sizing:border-box;-moz-box-sizing:border-box;-webkit-box-sizing:border-box;\"\n\t\t\t\t\t\t\t>Consigue una cotizaci\u00f3n \n\t\t\t\t\t\t\t<\/a><!--\n-->\t\t\t\t\t\t<\/rs-slide>\n\t\t\t\t\t<\/rs-slides>\n\t\t\t\t<\/rs-module>\n\t\t\t\t<script>\n\t\t\t\t\tsetREVStartSize({c: 'rev_slider_244_1',rl:[1240,1024,778,480],el:[868,768,960,720],gw:[1240,1240,778,480],gh:[868,868,960,720],type:'standard',justify:'',layout:'fullwidth',mh:\"0\"});if (window.RS_MODULES!==undefined && window.RS_MODULES.modules!==undefined && window.RS_MODULES.modules[\"revslider2441\"]!==undefined) {window.RS_MODULES.modules[\"revslider2441\"].once = false;window.revapi244 = undefined;if (window.RS_MODULES.checkMinimal!==undefined) window.RS_MODULES.checkMinimal()}\n\t\t\t\t<\/script>\n\t\t\t<\/rs-module-wrap>\n\t\t\t<!-- END REVOLUTION SLIDER -->\n<\/div><div class=\"fusion-separator fusion-full-width-sep\" style=\"align-self: center;margin-left: auto;margin-right: auto;margin-top:20px;margin-bottom:20px;width:100%;\"><\/div><\/div><\/div><\/div><\/div><div class=\"fusion-fullwidth fullwidth-box fusion-builder-row-2 fusion-flex-container nonhundred-percent-fullwidth non-hundred-percent-height-scrolling\" style=\"--awb-background-position:left top;--awb-border-sizes-top:0px;--awb-border-sizes-bottom:0px;--awb-border-sizes-left:0px;--awb-border-sizes-right:0px;--awb-border-radius-top-left:0px;--awb-border-radius-top-right:0px;--awb-border-radius-bottom-right:0px;--awb-border-radius-bottom-left:0px;--awb-padding-top:20px;--awb-padding-right:0px;--awb-padding-bottom:20px;--awb-padding-left:0px;--awb-flex-wrap:wrap;\" ><div class=\"fusion-builder-row fusion-row fusion-flex-align-items-flex-start fusion-flex-content-wrap\" style=\"max-width:1144px;margin-left: calc(-4% \/ 2 );margin-right: calc(-4% \/ 2 );\"><div class=\"fusion-layout-column fusion_builder_column fusion-builder-column-1 fusion_builder_column_1_1 1_1 fusion-flex-column fusion-flex-align-self-flex-start fusion-column-no-min-height\" style=\"--awb-bg-size:cover;--awb-width-large:100%;--awb-margin-top-large:0px;--awb-spacing-right-large:1.92%;--awb-margin-bottom-large:0px;--awb-spacing-left-large:1.92%;--awb-width-medium:100%;--awb-spacing-right-medium:1.92%;--awb-spacing-left-medium:1.92%;--awb-width-small:100%;--awb-spacing-right-small:1.92%;--awb-spacing-left-small:1.92%;\"><div class=\"fusion-column-wrapper fusion-flex-justify-content-flex-start fusion-content-layout-column\"><div class=\"fusion-text fusion-text-1\"><h2 id=\"tw-target-text\" class=\"tw-data-text tw-text-large tw-ta\" dir=\"ltr\" style=\"text-align: center;\" data-placeholder=\"Translation\"><span class=\"Y2IQFc\" lang=\"es\">Expertos en documentos de Canad\u00e1 para asuntos farmac\u00e9uticos, m\u00e9dicos y regulatorios<\/span><\/h2>\n<p id=\"tw-target-text\" class=\"tw-data-text tw-text-large tw-ta\" dir=\"ltr\" data-placeholder=\"Translation\"><span class=\"Y2IQFc\" lang=\"es\">Como parte del proceso de asuntos regulatorios para que un producto sea aceptado en otro pa\u00eds, deber\u00e1 tener ciertos documentos autenticados y legalizados. El proceso de validaci\u00f3n de Autenticaci\u00f3n y Legalizaci\u00f3n en Canad\u00e1 tambi\u00e9n puede llamarse Atestaci\u00f3n o Apostilla en otros pa\u00edses pero se reconoce como el equivalente. Los pa\u00edses que usan apostilla han firmado la convenci\u00f3n de Apostilla de La Haya; Canad\u00e1 no lo ha hecho.<\/span><\/p>\n<h3 dir=\"ltr\" style=\"text-align: center;\" data-placeholder=\"Translation\">Requisitos de autenticaci\u00f3n de certificados regulatorios y farmac\u00e9uticos de Global Affairs Canada<\/h3>\n<p id=\"tw-target-text\" class=\"tw-data-text tw-text-large tw-ta\" dir=\"ltr\" data-placeholder=\"Translation\"><span class=\"Y2IQFc\" lang=\"es\">Dependiendo del tipo de documento, es posible que ya tenga la firma requerida para ser autenticado por Asuntos Globales de Canad\u00e1. Para ayudarlo a confirmar esto, si\u00e9ntase libre de escanear y enviar su documento para que nuestros expertos lo revisen. Si no cumplen con los requisitos, nuestros servicios notariales podr\u00e1n hacer una copia que ser\u00e1 aceptada por asuntos globales y la embajada o como una alternativa para mantener sus documentos originales archivados para uso futuro.<\/span><\/p>\n<p id=\"tw-target-text\" class=\"tw-data-text tw-text-large tw-ta\" dir=\"ltr\" data-placeholder=\"Translation\"><span class=\"Y2IQFc\" lang=\"es\">Tambi\u00e9n es importante tener en cuenta que el tiempo de procesamiento actual de<a href=\"https:\/\/www.globaldocumentsolutions.com\/global-affairs-canada-authentication-processing-delays-2022\/\"> Global Affairs Canada para la autenticaci\u00f3n es de hasta 40 d\u00edas h\u00e1biles,<\/a> por lo que la clave es comenzar lo antes posible si tiene un cronograma ajustado. Con nuestra asistencia experta, respaldada adem\u00e1s por nuestra garant\u00eda de servicio de autenticaci\u00f3n y legalizaci\u00f3n, puede confiar en que haremos que el proceso sea r\u00e1pido y f\u00e1cil para usted.<\/span><\/p>\n<p id=\"tw-target-text\" class=\"tw-data-text tw-text-large tw-ta\" dir=\"ltr\" data-placeholder=\"Translation\"><span class=\"Y2IQFc\" lang=\"es\">Los tipos comunes de documentos de asuntos regulatorios y farmac\u00e9uticos canadienses que requieren autenticaci\u00f3n y legalizaci\u00f3n son:<\/span><\/p>\n<p><strong>\u2022 Certificate of Pharmaceutical Product (CPP Certificate)<\/strong><\/p>\n<p><strong>\u2022 Health Canada Medical Device Licence<\/strong><\/p>\n<p><strong>\u2022 Health Canada Medical Device Certificate<\/strong><\/p>\n<p><strong>\u2022 Good Manufacturing Practices Certificate of Compliance (GMP Certificate)<\/strong><\/p>\n<p><strong>\u2022 International Trade Certificate (ITC)<\/strong><\/p>\n<p><strong>\u2022 Certificate of Free Sale (CFS)<\/strong><\/p>\n<p id=\"tw-target-text\" class=\"tw-data-text tw-text-large tw-ta\" dir=\"ltr\" data-placeholder=\"Translation\"><span class=\"Y2IQFc\" lang=\"es\">Global Document Solutions es un especialista reconocido en documentos de asuntos regulatorios para uso fuera de Canad\u00e1. \u00a1Descubre lo f\u00e1cil que podemos hacer el proceso para ti!<\/span><\/p>\n<\/div><\/div><\/div><\/div><\/div><div class=\"fusion-fullwidth fullwidth-box fusion-builder-row-3 fusion-flex-container hundred-percent-fullwidth non-hundred-percent-height-scrolling\" style=\"--awb-border-radius-top-left:0px;--awb-border-radius-top-right:0px;--awb-border-radius-bottom-right:0px;--awb-border-radius-bottom-left:0px;--awb-overflow:visible;--awb-padding-right:20px;--awb-padding-left:20px;--awb-flex-wrap:wrap;\" ><div class=\"fusion-builder-row fusion-row fusion-flex-align-items-flex-start fusion-flex-content-wrap\" style=\"width:104% !important;max-width:104% !important;margin-left: calc(-4% \/ 2 );margin-right: calc(-4% \/ 2 );\"><div class=\"fusion-layout-column fusion_builder_column fusion-builder-column-2 fusion_builder_column_1_1 1_1 fusion-flex-column fusion-flex-align-self-flex-start fusion-column-no-min-height\" style=\"--awb-bg-size:cover;--awb-width-large:100%;--awb-margin-top-large:0px;--awb-spacing-right-large:1.92%;--awb-margin-bottom-large:0px;--awb-spacing-left-large:1.92%;--awb-width-medium:100%;--awb-spacing-right-medium:1.92%;--awb-spacing-left-medium:1.92%;--awb-width-small:100%;--awb-spacing-right-small:1.92%;--awb-spacing-left-small:1.92%;\"><div class=\"fusion-column-wrapper fusion-flex-justify-content-flex-start fusion-content-layout-column\">\n<div class=\"fusion-slider-revolution rev_slider_wrapper\">\t\t\t<!-- START ES CallOut REVOLUTION SLIDER 6.6.16 --><p class=\"rs-p-wp-fix\"><\/p>\n\t\t\t<rs-module-wrap id=\"getstarted_wrapper\" data-source=\"gallery\" style=\"visibility:hidden;background:#198fd9;padding:0;margin:0px auto;margin-top:0;margin-bottom:0;\">\n\t\t\t\t<rs-module id=\"getstarted\" style=\"\" data-version=\"6.6.16\">\n\t\t\t\t\t<rs-slides style=\"overflow: hidden; position: absolute;\">\n\t\t\t\t\t\t<rs-slide style=\"position: absolute;\" data-key=\"rs-349\" data-title=\"Slide\" data-anim=\"ms:600;\" data-in=\"o:0;\" data-out=\"a:false;\" class=\"nc-gradient\">\n\t\t\t\t\t\t\t<img decoding=\"async\" src=\"\/\/www.globaldocumentsolutions.com\/wp-content\/plugins\/revslider\/public\/assets\/assets\/dummy.png\" alt=\"Slide\" title=\"Autentificaci\u00f3n y legalizaci\u00f3n de documentos sobre productos farmac\u00e9uticos y asuntos regulatorios.\" class=\"rev-slidebg tp-rs-img rs-lazyload\" data-lazyload=\"\/\/www.globaldocumentsolutions.com\/wp-content\/plugins\/revslider\/public\/assets\/assets\/transparent.png\" data-bg=\"c:#0095c7;\" data-no-retina>\n<!--\t\t\t\t\t\t--><rs-zone id=\"rrzt_349\" class=\"rev_row_zone_top\" style=\"z-index: 5;\"><!--\n\n\t\t\t\t\t\t\t\t--><rs-row\n\t\t\t\t\t\t\t\t\tid=\"slider-228-slide-349-layer-2\" \n\t\t\t\t\t\t\t\t\tdata-type=\"row\"\n\t\t\t\t\t\t\t\t\tdata-xy=\"xo:100px;yo:100px;\"\n\t\t\t\t\t\t\t\t\tdata-text=\"l:22;a:inherit;\"\n\t\t\t\t\t\t\t\t\tdata-rsp_o=\"off\"\n\t\t\t\t\t\t\t\t\tdata-rsp_bd=\"off\"\n\t\t\t\t\t\t\t\t\tdata-margin=\"t:150,250,150,150;b:150,300,150,150;\"\n\t\t\t\t\t\t\t\t\tdata-frame_1=\"sR:10;\"\n\t\t\t\t\t\t\t\t\tdata-frame_999=\"o:0;st:w;sR:8690;sA:9000;\"\n\t\t\t\t\t\t\t\t\tstyle=\"z-index:5;\"\n\t\t\t\t\t\t\t\t><!--\n\t\t\t\t\t\t\t\t\t--><rs-column\n\t\t\t\t\t\t\t\t\t\tid=\"slider-228-slide-349-layer-3\" \n\t\t\t\t\t\t\t\t\t\tdata-type=\"column\"\n\t\t\t\t\t\t\t\t\t\tdata-xy=\"xo:100px;yo:100px;\"\n\t\t\t\t\t\t\t\t\t\tdata-text=\"l:22;a:center;\"\n\t\t\t\t\t\t\t\t\t\tdata-rsp_o=\"off\"\n\t\t\t\t\t\t\t\t\t\tdata-rsp_bd=\"off\"\n\t\t\t\t\t\t\t\t\t\tdata-column=\"w:100%;\"\n\t\t\t\t\t\t\t\t\t\tdata-padding=\"r:40;l:40;\"\n\t\t\t\t\t\t\t\t\t\tdata-frame_999=\"o:0;st:w;sR:8990;sA:9000;\"\n\t\t\t\t\t\t\t\t\t\tstyle=\"z-index:6;width:100%;\"\n\t\t\t\t\t\t\t\t\t><!--\n\t\t\t\t\t\t\t\t\t\t--><rs-layer\n\t\t\t\t\t\t\t\t\t\t\tid=\"slider-228-slide-349-layer-6\" \n\t\t\t\t\t\t\t\t\t\t\tdata-type=\"text\"\n\t\t\t\t\t\t\t\t\t\t\tdata-color=\"rgba(255,255,255,1)\"\n\t\t\t\t\t\t\t\t\t\t\tdata-xy=\"x:l,l,c,c;xo:0,3px,3px,3px;y:t,t,m,m;yo:0,240px,240px,240px;\"\n\t\t\t\t\t\t\t\t\t\t\tdata-pos=\"r\"\n\t\t\t\t\t\t\t\t\t\t\tdata-text=\"w:normal;s:50,50,40,30;l:60,60,50,40;fw:500;a:center;\"\n\t\t\t\t\t\t\t\t\t\t\tdata-dim=\"w:100%,472px,100%,100%;\"\n\t\t\t\t\t\t\t\t\t\t\tdata-rsp_o=\"off\"\n\t\t\t\t\t\t\t\t\t\t\tdata-rsp_bd=\"off\"\n\t\t\t\t\t\t\t\t\t\t\tdata-disp=\"inline-block\"\n\t\t\t\t\t\t\t\t\t\t\tdata-margin=\"b:40,40,30,30;\"\n\t\t\t\t\t\t\t\t\t\t\tdata-frame_0=\"y:50px;blu:10px;\"\n\t\t\t\t\t\t\t\t\t\t\tdata-frame_1=\"e:power4.out;st:500;sp:1000;sR:490;\"\n\t\t\t\t\t\t\t\t\t\t\tdata-frame_999=\"o:0;e:nothing;st:w;sR:8990;\"\n\t\t\t\t\t\t\t\t\t\t\tstyle=\"z-index:7;background-color:#0095c7;font-family:'Poppins';display:inline-block;\"\n\t\t\t\t\t\t\t\t\t\t>Simplificamos un proceso complicado \n\t\t\t\t\t\t\t\t\t\t<\/rs-layer><!--\n\n\t\t\t\t\t\t\t\t\t\t--><rs-layer\n\t\t\t\t\t\t\t\t\t\t\tid=\"slider-228-slide-349-layer-9\" \n\t\t\t\t\t\t\t\t\t\t\tdata-type=\"text\"\n\t\t\t\t\t\t\t\t\t\t\tdata-color=\"rgba(255,255,255,0.75)\"\n\t\t\t\t\t\t\t\t\t\t\tdata-xy=\"\"\n\t\t\t\t\t\t\t\t\t\t\tdata-pos=\"r\"\n\t\t\t\t\t\t\t\t\t\t\tdata-text=\"w:normal;s:17;l:30;a:center;\"\n\t\t\t\t\t\t\t\t\t\t\tdata-dim=\"w:100%;\"\n\t\t\t\t\t\t\t\t\t\t\tdata-rsp_o=\"off\"\n\t\t\t\t\t\t\t\t\t\t\tdata-rsp_bd=\"off\"\n\t\t\t\t\t\t\t\t\t\t\tdata-disp=\"inline-block\"\n\t\t\t\t\t\t\t\t\t\t\tdata-margin=\"b:40;\"\n\t\t\t\t\t\t\t\t\t\t\tdata-frame_0=\"y:50px;blu:10px;\"\n\t\t\t\t\t\t\t\t\t\t\tdata-frame_1=\"e:power4.out;st:700;sp:1000;sR:690;\"\n\t\t\t\t\t\t\t\t\t\t\tdata-frame_999=\"o:0;st:w;sR:8990;\"\n\t\t\t\t\t\t\t\t\t\t\tstyle=\"z-index:8;font-family:'Poppins';display:inline-block;\"\n\t\t\t\t\t\t\t\t\t\t>Hay toneladas de beneficios y razones para utilizar nuestros servicios, desde el soporte de expertos hasta el seguimiento al minuto. \n\t\t\t\t\t\t\t\t\t\t<\/rs-layer><!--\n\n\t\t\t\t\t\t\t\t\t\t--><a\n\t\t\t\t\t\t\t\t\t\t\tid=\"slider-228-slide-349-layer-16\" \n\t\t\t\t\t\t\t\t\t\t\tclass=\"rs-layer rev-btn\"\n\t\t\t\t\t\t\t\t\t\t\thref=\"https:\/\/www.globaldocumentsolutions.com\/get-a-quote\/\" target=\"_blank\" rel=\"noopener\"\n\t\t\t\t\t\t\t\t\t\t\tdata-type=\"button\"\n\t\t\t\t\t\t\t\t\t\t\tdata-color=\"rgba(255,255,255,1)\"\n\t\t\t\t\t\t\t\t\t\t\tdata-xy=\"\"\n\t\t\t\t\t\t\t\t\t\t\tdata-pos=\"r\"\n\t\t\t\t\t\t\t\t\t\t\tdata-text=\"s:19;l:48;fw:500;a:inherit;\"\n\t\t\t\t\t\t\t\t\t\t\tdata-rsp_o=\"off\"\n\t\t\t\t\t\t\t\t\t\t\tdata-rsp_bd=\"off\"\n\t\t\t\t\t\t\t\t\t\t\tdata-disp=\"inline-block\"\n\t\t\t\t\t\t\t\t\t\t\tdata-padding=\"r:35;l:35;\"\n\t\t\t\t\t\t\t\t\t\t\tdata-border=\"bos:solid;boc:rgba(255,255,255,1);bow:2px,2px,2px,2px;bor:30px,30px,30px,30px;\"\n\t\t\t\t\t\t\t\t\t\t\tdata-frame_0=\"y:50px;blu:10px;\"\n\t\t\t\t\t\t\t\t\t\t\tdata-frame_1=\"e:power4.out;st:900;sp:1000;sR:890;\"\n\t\t\t\t\t\t\t\t\t\t\tdata-frame_999=\"o:0;st:w;sR:8990;\"\n\t\t\t\t\t\t\t\t\t\t\tdata-frame_hover=\"bgc:#d0c184;boc:#d0c184;bor:30px,30px,30px,30px;bos:solid;bow:2px,2px,2px,2px;oX:50;oY:50;sp:200;e:none;\"\n\t\t\t\t\t\t\t\t\t\t\tstyle=\"z-index:9;font-family:'Poppins';cursor:pointer;display:inline-block;outline:none;box-shadow:none;box-sizing:border-box;-moz-box-sizing:border-box;-webkit-box-sizing:border-box;\"\n\t\t\t\t\t\t\t\t\t\t>Obtenga una cotizaci\u00f3n personalizada \n\t\t\t\t\t\t\t\t\t\t<\/a><!--\n\t\t\t\t\t\t\t\t\t--><\/rs-column><!--\n\t\t\t\t\t\t\t\t--><\/rs-row><!--\n\t\t\t\t\t\t\t--><\/rs-zone><!--\n-->\t\t\t\t\t\t<\/rs-slide>\n\t\t\t\t\t<\/rs-slides>\n\t\t\t\t<\/rs-module>\n\t\t\t\t<script>\n\t\t\t\t\tsetREVStartSize({c: 'getstarted',rl:[1240,1024,778,480],el:[522,500,400,400],gw:[1240,1024,778,480],gh:[500,500,400,400],type:'hero',justify:'',layout:'fullwidth',mh:\"0\"});if (window.RS_MODULES!==undefined && window.RS_MODULES.modules!==undefined && window.RS_MODULES.modules[\"getstarted\"]!==undefined) {window.RS_MODULES.modules[\"getstarted\"].once = false;window.revapi228 = undefined;if (window.RS_MODULES.checkMinimal!==undefined) window.RS_MODULES.checkMinimal()}\n\t\t\t\t<\/script>\n\t\t\t<\/rs-module-wrap>\n\t\t\t<!-- END REVOLUTION SLIDER -->\n<\/div><\/div><\/div><\/div><\/div><\/p>\n","protected":false},"excerpt":{"rendered":"","protected":false},"author":20,"featured_media":0,"parent":0,"menu_order":0,"comment_status":"open","ping_status":"closed","template":"","meta":{"om_disable_all_campaigns":false,"_monsterinsights_skip_tracking":false,"_monsterinsights_sitenote_active":false,"_monsterinsights_sitenote_note":"","_monsterinsights_sitenote_category":0,"footnotes":""},"class_list":["post-12122","page","type-page","status-publish","hentry"],"aioseo_notices":[],"_links":{"self":[{"href":"https:\/\/www.globaldocumentsolutions.com\/es\/wp-json\/wp\/v2\/pages\/12122","targetHints":{"allow":["GET"]}}],"collection":[{"href":"https:\/\/www.globaldocumentsolutions.com\/es\/wp-json\/wp\/v2\/pages"}],"about":[{"href":"https:\/\/www.globaldocumentsolutions.com\/es\/wp-json\/wp\/v2\/types\/page"}],"author":[{"embeddable":true,"href":"https:\/\/www.globaldocumentsolutions.com\/es\/wp-json\/wp\/v2\/users\/20"}],"replies":[{"embeddable":true,"href":"https:\/\/www.globaldocumentsolutions.com\/es\/wp-json\/wp\/v2\/comments?post=12122"}],"version-history":[{"count":0,"href":"https:\/\/www.globaldocumentsolutions.com\/es\/wp-json\/wp\/v2\/pages\/12122\/revisions"}],"wp:attachment":[{"href":"https:\/\/www.globaldocumentsolutions.com\/es\/wp-json\/wp\/v2\/media?parent=12122"}],"curies":[{"name":"wp","href":"https:\/\/api.w.org\/{rel}","templated":true}]}}