{"id":21209,"date":"2018-10-29T10:25:29","date_gmt":"2018-10-29T14:25:29","guid":{"rendered":"https:\/\/alscanada.eproofs.ca\/es\/?page_id=21209"},"modified":"2024-07-24T13:25:26","modified_gmt":"2024-07-24T17:25:26","slug":"contactenos","status":"publish","type":"page","link":"https:\/\/www.globaldocumentsolutions.com\/es\/contactenos\/","title":{"rendered":"\u00a1Cont\u00e1ctenos Global Document Solutions!"},"content":{"rendered":"<div class=\"fusion-fullwidth fullwidth-box fusion-builder-row-1 fusion-flex-container hundred-percent-fullwidth non-hundred-percent-height-scrolling\" style=\"--awb-border-radius-top-left:0px;--awb-border-radius-top-right:0px;--awb-border-radius-bottom-right:0px;--awb-border-radius-bottom-left:0px;--awb-overflow:visible;--awb-flex-wrap:wrap;\" ><div class=\"fusion-builder-row fusion-row fusion-flex-align-items-flex-start fusion-flex-content-wrap\" style=\"width:104% !important;max-width:104% !important;margin-left: calc(-4% \/ 2 );margin-right: calc(-4% \/ 2 );\"><div class=\"fusion-layout-column fusion_builder_column fusion-builder-column-0 fusion_builder_column_1_1 1_1 fusion-flex-column\" style=\"--awb-bg-size:cover;--awb-width-large:100%;--awb-margin-top-large:0px;--awb-spacing-right-large:1.92%;--awb-margin-bottom-large:20px;--awb-spacing-left-large:1.92%;--awb-width-medium:100%;--awb-spacing-right-medium:1.92%;--awb-spacing-left-medium:1.92%;--awb-width-small:100%;--awb-spacing-right-small:1.92%;--awb-spacing-left-small:1.92%;\"><div class=\"fusion-column-wrapper fusion-flex-justify-content-flex-start fusion-content-layout-column\"><div class=\"fusion-text fusion-text-1\"><h2 dir=\"ltr\" data-placeholder=\"Translation\"><img decoding=\"async\" class=\"aligncenter size-full wp-image-49512\" src=\"https:\/\/www.globaldocumentsolutions.com\/wp-content\/uploads\/2024\/01\/Global-Document-Solutions-Office-Pic-2.webp\" alt=\"Global Document Solutions Apostille Canada Office\" width=\"1024\" height=\"1024\" srcset=\"https:\/\/www.globaldocumentsolutions.com\/wp-content\/uploads\/2024\/01\/Global-Document-Solutions-Office-Pic-2-66x66.webp 66w, https:\/\/www.globaldocumentsolutions.com\/wp-content\/uploads\/2024\/01\/Global-Document-Solutions-Office-Pic-2-150x150.webp 150w, https:\/\/www.globaldocumentsolutions.com\/wp-content\/uploads\/2024\/01\/Global-Document-Solutions-Office-Pic-2-200x200.webp 200w, https:\/\/www.globaldocumentsolutions.com\/wp-content\/uploads\/2024\/01\/Global-Document-Solutions-Office-Pic-2-300x300.webp 300w, https:\/\/www.globaldocumentsolutions.com\/wp-content\/uploads\/2024\/01\/Global-Document-Solutions-Office-Pic-2-400x400.webp 400w, https:\/\/www.globaldocumentsolutions.com\/wp-content\/uploads\/2024\/01\/Global-Document-Solutions-Office-Pic-2-600x600.webp 600w, https:\/\/www.globaldocumentsolutions.com\/wp-content\/uploads\/2024\/01\/Global-Document-Solutions-Office-Pic-2-768x768.webp 768w, https:\/\/www.globaldocumentsolutions.com\/wp-content\/uploads\/2024\/01\/Global-Document-Solutions-Office-Pic-2-800x800.webp 800w, https:\/\/www.globaldocumentsolutions.com\/wp-content\/uploads\/2024\/01\/Global-Document-Solutions-Office-Pic-2.webp 1024w\" sizes=\"(max-width: 1024px) 100vw, 1024px\" \/><\/h2>\n<h3 id=\"tw-target-text\" class=\"tw-data-text tw-text-large tw-ta\" dir=\"ltr\" style=\"text-align: center;\" data-placeholder=\"Translation\">Soporte experto de 9:00 a. m. a 5:00 p. m. EST De lunes a viernes, llame al 1-800-336-1132<\/h3>\n<p>En Global Document Solutions, anteriormente Authentication Legalization Services Canada (ALSC), somos expertos en simplificar el proceso de uso de documentos oficiales en el extranjero. \u00a1Hemos crecido hasta convertirnos en la ventanilla \u00fanica de Canad\u00e1 para todo lo relacionado con los servicios de apostilla, autenticaci\u00f3n y legalizaci\u00f3n!<\/p>\n<p>Nuestra red de convenientes centros de servicio ubicados en Canad\u00e1, incluidos Victoria, Vancouver, Surrey, Calgary, Edmonton, Regina, Winnipeg, Toronto, North York, Mississauga, Ottawa, Montreal y Halifax, le ofrecen env\u00edo gratuito de FedEx durante la noche. Y, para facilitar a\u00fan m\u00e1s las cosas, <a href=\"https:\/\/www.globaldocumentsolutions.com\/get-a-quote\/\">puede obtener un presupuesto personal a cualquier hora del d\u00eda o de la noche<\/a> y nos pondremos en contacto con usted durante el horario comercial por correo electr\u00f3nico.<\/p>\n<p>Ya sea que se encuentre en Canad\u00e1 o fuera del pa\u00eds, puede confiar en Global Document Solutions para manejar todas sus necesidades de documentos con facilidad. P\u00f3ngase en contacto con nosotros hoy mismo para hablar con uno de nuestros amables expertos y dar el primer paso hacia el uso internacional de sus documentos canadienses con confianza.<\/p>\n<\/div><\/div><\/div><\/div><\/div>\n","protected":false},"excerpt":{"rendered":"","protected":false},"author":7,"featured_media":0,"parent":0,"menu_order":5000,"comment_status":"open","ping_status":"closed","template":"","meta":{"om_disable_all_campaigns":false,"_monsterinsights_skip_tracking":false,"_monsterinsights_sitenote_active":false,"_monsterinsights_sitenote_note":"","_monsterinsights_sitenote_category":0,"footnotes":""},"class_list":["post-21209","page","type-page","status-publish","hentry"],"aioseo_notices":[],"_links":{"self":[{"href":"https:\/\/www.globaldocumentsolutions.com\/es\/wp-json\/wp\/v2\/pages\/21209","targetHints":{"allow":["GET"]}}],"collection":[{"href":"https:\/\/www.globaldocumentsolutions.com\/es\/wp-json\/wp\/v2\/pages"}],"about":[{"href":"https:\/\/www.globaldocumentsolutions.com\/es\/wp-json\/wp\/v2\/types\/page"}],"author":[{"embeddable":true,"href":"https:\/\/www.globaldocumentsolutions.com\/es\/wp-json\/wp\/v2\/users\/7"}],"replies":[{"embeddable":true,"href":"https:\/\/www.globaldocumentsolutions.com\/es\/wp-json\/wp\/v2\/comments?post=21209"}],"version-history":[{"count":0,"href":"https:\/\/www.globaldocumentsolutions.com\/es\/wp-json\/wp\/v2\/pages\/21209\/revisions"}],"wp:attachment":[{"href":"https:\/\/www.globaldocumentsolutions.com\/es\/wp-json\/wp\/v2\/media?parent=21209"}],"curies":[{"name":"wp","href":"https:\/\/api.w.org\/{rel}","templated":true}]}}