{"id":34992,"date":"2022-02-07T12:01:48","date_gmt":"2022-02-07T17:01:48","guid":{"rendered":"https:\/\/alscanada.eproofs.ca\/services-de-traduction-pour-lauthentification-et-la-legalisation\/"},"modified":"2023-08-08T12:22:48","modified_gmt":"2023-08-08T16:22:48","slug":"services-de-traduction-pour-lauthentification-et-la-legalisation","status":"publish","type":"page","link":"https:\/\/www.globaldocumentsolutions.com\/es\/services-de-traduction-pour-lauthentification-et-la-legalisation\/","title":{"rendered":"Services de traduction pour l&#8217;authentification et la l\u00e9galisation"},"content":{"rendered":"<p><div class=\"fusion-fullwidth fullwidth-box fusion-builder-row-1 fusion-flex-container nonhundred-percent-fullwidth non-hundred-percent-height-scrolling\" style=\"--awb-background-position:left top;--awb-border-sizes-top:0px;--awb-border-sizes-bottom:0px;--awb-border-sizes-left:0px;--awb-border-sizes-right:0px;--awb-border-radius-top-left:0px;--awb-border-radius-top-right:0px;--awb-border-radius-bottom-right:0px;--awb-border-radius-bottom-left:0px;--awb-padding-top:20px;--awb-padding-right:0px;--awb-padding-bottom:20px;--awb-padding-left:0px;--awb-flex-wrap:wrap;\" ><div class=\"fusion-builder-row fusion-row fusion-flex-align-items-flex-start fusion-flex-content-wrap\" style=\"max-width:1144px;margin-left: calc(-4% \/ 2 );margin-right: calc(-4% \/ 2 );\"><div class=\"fusion-layout-column fusion_builder_column fusion-builder-column-0 fusion_builder_column_1_1 1_1 fusion-flex-column fusion-flex-align-self-flex-start fusion-column-no-min-height\" style=\"--awb-bg-size:cover;--awb-width-large:100%;--awb-margin-top-large:0px;--awb-spacing-right-large:1.92%;--awb-margin-bottom-large:0px;--awb-spacing-left-large:1.92%;--awb-width-medium:100%;--awb-spacing-right-medium:1.92%;--awb-spacing-left-medium:1.92%;--awb-width-small:100%;--awb-spacing-right-small:1.92%;--awb-spacing-left-small:1.92%;\"><div class=\"fusion-column-wrapper fusion-flex-justify-content-flex-start fusion-content-layout-column\"><div class=\"fusion-text fusion-text-1\"><h2 id=\"tw-target-text\" class=\"tw-data-text tw-text-large tw-ta\" dir=\"ltr\" style=\"text-align: center;\" data-placeholder=\"Translation\"><span class=\"Y2IQFc\" lang=\"fr\">Services de traduction de documents internationaux<\/span><\/h2>\n<p id=\"tw-target-text\" class=\"tw-data-text tw-text-large tw-ta\" dir=\"ltr\" data-placeholder=\"Translation\"><span class=\"Y2IQFc\" lang=\"fr\">Nos clients de longue date nous disent encore qu'ils n'\u00e9taient pas au courant de l'exigence d'authentification d'Affaires mondiales Canada pour la traduction de documents en langue \u00e9trang\u00e8re ou, plus important encore, qu'Global Document Solutions offre ce service en employant un groupe de traducteurs canadiens certifi\u00e9s. Il y a quelques ann\u00e9es, Affaires mondiales Canada a mis en place une r\u00e8gle selon laquelle tout document n\u00e9cessitant une authentification qui n'est pas dans l'une des langues officielles du Canada, soit l'anglais ou le fran\u00e7ais, devra \u00eatre traduit par un traducteur canadien agr\u00e9\u00e9. Apr\u00e8s quoi, il devra ensuite \u00eatre asserment\u00e9 par un notaire canadien, un autre service cl\u00e9 que l'Global Document Solutions offre \u00e0 ses clients. \u00c0 la suite des modifications apport\u00e9es aux r\u00e8gles d'Affaires mondiales Canada, la traduction de documents en langue \u00e9trang\u00e8re est devenue une \u00e9tape importante du processus d'authentification et de l\u00e9galisation, qui est au c\u0153ur des services sp\u00e9cialis\u00e9s offerts par l'Global Document Solutions.<\/span><\/p>\n<div id=\"tw-container\" class=\"\" data-cp=\"1\" data-is-ver=\"false\" data-nnttsvi=\"1\" data-sm=\"1\" data-sugg-time=\"500\" data-sugg-url=\"https:\/\/clients1.google.com\/complete\/search\" data-uilc=\"en\">\n<div id=\"tw-ob\" class=\"tw-src-ltr\">\n<div class=\"oSioSc\">\n<div id=\"tw-target\" class=\"\">\n<div id=\"kAz1tf\" class=\"g9WsWb\">\n<div id=\"tw-target-text-container\" class=\"tw-ta-container F0azHf tw-nfl\" tabindex=\"0\">\n<h3 id=\"tw-target-text\" class=\"tw-data-text tw-text-large tw-ta\" dir=\"ltr\" style=\"text-align: center;\" data-placeholder=\"Translation\"><span class=\"Y2IQFc\" lang=\"fr\">Exigences d'authentification d'Affaires mondiales Canada pour les documents en langue \u00e9trang\u00e8re<\/span><\/h3>\n<p class=\"tw-data-text tw-text-large tw-ta\" dir=\"ltr\" data-placeholder=\"Translation\"><span class=\"Y2IQFc\" lang=\"fr\">Pour en savoir plus sur le processus d'authentification canadienne des documents en langue \u00e9trang\u00e8re une fois la traduction notari\u00e9e termin\u00e9e, celle-ci doit ensuite \u00eatre pr\u00e9sent\u00e9e, avec l'original du document notari\u00e9 canadien en langue \u00e9trang\u00e8re, \u00e0 Affaires mondiales Canada ici \u00e0 Ottawa. Apr\u00e8s avoir examin\u00e9 le document original, avec sa traduction et confirm\u00e9 qu'ils r\u00e9pondent aux exigences, le document original notari\u00e9 en langue \u00e9trang\u00e8re sera ensuite authentifi\u00e9 par un agent d'authentification d'Affaires mondiales Canada. <\/span><span class=\"Y2IQFc\" lang=\"fr\">Apr\u00e8s quoi, la traduction vous sera renvoy\u00e9e, que vous devrez conserver dans vos archives, ainsi que le document en langue \u00e9trang\u00e8re authentifi\u00e9. Le document en langue \u00e9trang\u00e8re sera appos\u00e9 avec le cachet d'authentification d'Affaires mondiales Canada et la signature de l'agent d'authentification qui a authentifi\u00e9 le document. La plupart des documents en langue \u00e9trang\u00e8re que nous traduisons pour le processus d'authentification sont des procurations ou des accords, certains d'entre eux peuvent \u00eatre r\u00e9dig\u00e9s dans deux langues (officielle canadienne et \u00e9trang\u00e8re) qui, selon les r\u00e8gles d'Affaires mondiales Canada, doivent \u00e9galement \u00eatre sign\u00e9s et certifi\u00e9s par un traducteur canadien. L'autre option est de le faire notarier par un notaire canadien bilingue qui parle les deux langues et d\u00e9clare ce fait sur le document en jurant de son exactitude.<\/span><\/p>\n<p id=\"tw-target-text\" class=\"tw-data-text tw-text-large tw-ta\" dir=\"ltr\" data-placeholder=\"Translation\"><span class=\"Y2IQFc\" lang=\"fr\">Une fois l'authentification du document original en langue \u00e9trang\u00e8re termin\u00e9e, il est alors pr\u00eat pour<a href=\"https:\/\/www.globaldocumentsolutions.com\/es\/servicios-de-legalizacion-de-documentos-en-embajadas\/\"> la deuxi\u00e8me \u00e9tape du processus appel\u00e9 l\u00e9galisation<\/a>, ou Apostille dans certains pays, qui a lieu au consulat de l'ambassade du pays dans lequel vous avez l'intention d'utiliser votre document. Cela peut \u00eatre une autre \u00e9tape d\u00e9routante puisque le consulat de l'ambassade a g\u00e9n\u00e9ralement des r\u00e8gles en fonction du type de document ainsi que des frais qui changent souvent ou peuvent \u00eatre difficiles \u00e0 comprendre. Ne vous inqui\u00e9tez pas cependant, avec 30 ans d'exp\u00e9rience dans le processus d'authentification et de l\u00e9galisation au Canada, Global Document Solutions est l\u00e0 pour vous aider \u00e0 valider votre document en langue \u00e9trang\u00e8re pour une utilisation internationale.<\/span><\/p>\n<h3 id=\"tw-target-text\" class=\"tw-data-text tw-text-large tw-ta\" dir=\"ltr\" style=\"text-align: center;\" data-placeholder=\"Translation\"><span class=\"Y2IQFc\" lang=\"fr\">Services de traduction pour l'authentification \u00e0 Affaires mondiales Canada, nous pouvons vous aider\u00a0!<\/span><\/h3>\n<p id=\"tw-target-text\" class=\"tw-data-text tw-text-large tw-ta\" dir=\"ltr\" data-placeholder=\"Translation\"><span class=\"Y2IQFc\" lang=\"fr\">Commencer avec la traduction de votre document en langue \u00e9trang\u00e8re pour le processus d'authentification et de l\u00e9galisation au Canada est facile. Tout ce dont nous avons besoin est une num\u00e9risation du document original notari\u00e9 canadien en langue \u00e9trang\u00e8re pour examen, car les frais sont d\u00e9termin\u00e9s au mot. Dans les rares cas o\u00f9 nous ne pouvons pas vous aider en raison de la disponibilit\u00e9 d'un traducteur dans la langue requise pour votre document, nous vous en informerons rapidement. Dans la plupart des cas, nous serons en mesure de vous aider en r\u00e9pondant avec notre devis pour les services de traduction avec les frais de notaire requis et les frais de service d'authentification et de l\u00e9galisation pour terminer le processus. Nous sommes impatients de vous aider \u00e0 utiliser nos ann\u00e9es d'exp\u00e9rience dans la fourniture de services de traduction de documents en langue \u00e9trang\u00e8re pour le processus canadien d'authentification et de l\u00e9galisation, commencez en cliquant sur le bouton de demande de devis ci-dessous.<\/span><\/p>\n<p>&nbsp;<\/p>\n<\/div>\n<\/div>\n<\/div>\n<\/div>\n<\/div>\n<\/div>\n<\/div><\/div><\/div><\/div><\/div><div class=\"fusion-fullwidth fullwidth-box fusion-builder-row-2 fusion-flex-container hundred-percent-fullwidth non-hundred-percent-height-scrolling\" style=\"--awb-border-radius-top-left:0px;--awb-border-radius-top-right:0px;--awb-border-radius-bottom-right:0px;--awb-border-radius-bottom-left:0px;--awb-overflow:visible;--awb-padding-right:20px;--awb-padding-left:20px;--awb-flex-wrap:wrap;\" ><div class=\"fusion-builder-row fusion-row fusion-flex-align-items-flex-start fusion-flex-content-wrap\" style=\"width:104% !important;max-width:104% !important;margin-left: calc(-4% \/ 2 );margin-right: calc(-4% \/ 2 );\"><div class=\"fusion-layout-column fusion_builder_column fusion-builder-column-1 fusion_builder_column_1_1 1_1 fusion-flex-column fusion-flex-align-self-flex-start fusion-column-no-min-height\" style=\"--awb-bg-size:cover;--awb-width-large:100%;--awb-margin-top-large:0px;--awb-spacing-right-large:1.92%;--awb-margin-bottom-large:0px;--awb-spacing-left-large:1.92%;--awb-width-medium:100%;--awb-spacing-right-medium:1.92%;--awb-spacing-left-medium:1.92%;--awb-width-small:100%;--awb-spacing-right-small:1.92%;--awb-spacing-left-small:1.92%;\"><div class=\"fusion-column-wrapper fusion-flex-justify-content-flex-start fusion-content-layout-column\">\n<div class=\"fusion-slider-revolution rev_slider_wrapper\">\t\t\t<!-- START FR Call Out REVOLUTION SLIDER 6.6.16 --><p class=\"rs-p-wp-fix\"><\/p>\n\t\t\t<rs-module-wrap id=\"getstarted_wrapper\" data-source=\"gallery\" style=\"visibility:hidden;background:#0095c7;padding:0;margin:0px auto;margin-top:0;margin-bottom:0;\">\n\t\t\t\t<rs-module id=\"getstarted\" style=\"\" data-version=\"6.6.16\">\n\t\t\t\t\t<rs-slides style=\"overflow: hidden; position: absolute;\">\n\t\t\t\t\t\t<rs-slide style=\"position: absolute;\" data-key=\"rs-312\" data-title=\"Slide\" data-anim=\"ms:600;\" data-in=\"o:0;\" data-out=\"a:false;\" class=\"nc-gradient\">\n\t\t\t\t\t\t\t<img decoding=\"async\" src=\"\/\/www.globaldocumentsolutions.com\/wp-content\/plugins\/revslider\/public\/assets\/assets\/dummy.png\" alt=\"Slide\" title=\"Services de traduction pour l&#8217;authentification et la l\u00e9galisation\" class=\"rev-slidebg tp-rs-img rs-lazyload\" data-lazyload=\"\/\/www.globaldocumentsolutions.com\/wp-content\/plugins\/revslider\/public\/assets\/assets\/transparent.png\" data-bg=\"c:#0095c7;\" data-no-retina>\n<!--\t\t\t\t\t\t--><rs-zone id=\"rrzt_312\" class=\"rev_row_zone_top\" style=\"z-index: 5;\"><!--\n\n\t\t\t\t\t\t\t\t--><rs-row\n\t\t\t\t\t\t\t\t\tid=\"slider-191-slide-312-layer-2\" \n\t\t\t\t\t\t\t\t\tdata-type=\"row\"\n\t\t\t\t\t\t\t\t\tdata-xy=\"xo:100px;yo:100px;\"\n\t\t\t\t\t\t\t\t\tdata-text=\"l:22;a:inherit;\"\n\t\t\t\t\t\t\t\t\tdata-rsp_o=\"off\"\n\t\t\t\t\t\t\t\t\tdata-rsp_bd=\"off\"\n\t\t\t\t\t\t\t\t\tdata-margin=\"t:150,250,150,150;b:150,300,150,150;\"\n\t\t\t\t\t\t\t\t\tdata-frame_1=\"sR:10;\"\n\t\t\t\t\t\t\t\t\tdata-frame_999=\"o:0;st:w;sR:8690;sA:9000;\"\n\t\t\t\t\t\t\t\t\tstyle=\"z-index:5;\"\n\t\t\t\t\t\t\t\t><!--\n\t\t\t\t\t\t\t\t\t--><rs-column\n\t\t\t\t\t\t\t\t\t\tid=\"slider-191-slide-312-layer-3\" \n\t\t\t\t\t\t\t\t\t\tdata-type=\"column\"\n\t\t\t\t\t\t\t\t\t\tdata-xy=\"xo:100px;yo:100px;\"\n\t\t\t\t\t\t\t\t\t\tdata-text=\"l:22;a:center;\"\n\t\t\t\t\t\t\t\t\t\tdata-rsp_o=\"off\"\n\t\t\t\t\t\t\t\t\t\tdata-rsp_bd=\"off\"\n\t\t\t\t\t\t\t\t\t\tdata-column=\"w:100%;\"\n\t\t\t\t\t\t\t\t\t\tdata-padding=\"r:40;l:40;\"\n\t\t\t\t\t\t\t\t\t\tdata-frame_999=\"o:0;st:w;sR:8990;sA:9000;\"\n\t\t\t\t\t\t\t\t\t\tstyle=\"z-index:6;width:100%;\"\n\t\t\t\t\t\t\t\t\t><!--\n\t\t\t\t\t\t\t\t\t\t--><rs-layer\n\t\t\t\t\t\t\t\t\t\t\tid=\"slider-191-slide-312-layer-6\" \n\t\t\t\t\t\t\t\t\t\t\tdata-type=\"text\"\n\t\t\t\t\t\t\t\t\t\t\tdata-color=\"rgba(255,255,255,1)\"\n\t\t\t\t\t\t\t\t\t\t\tdata-xy=\"x:l,l,c,c;xo:0,3px,3px,3px;y:t,t,m,m;yo:0,240px,240px,240px;\"\n\t\t\t\t\t\t\t\t\t\t\tdata-pos=\"r\"\n\t\t\t\t\t\t\t\t\t\t\tdata-text=\"w:normal;s:50,50,40,30;l:60,60,50,40;fw:500;a:center;\"\n\t\t\t\t\t\t\t\t\t\t\tdata-dim=\"w:100%,472px,100%,100%;\"\n\t\t\t\t\t\t\t\t\t\t\tdata-rsp_o=\"off\"\n\t\t\t\t\t\t\t\t\t\t\tdata-rsp_bd=\"off\"\n\t\t\t\t\t\t\t\t\t\t\tdata-disp=\"inline-block\"\n\t\t\t\t\t\t\t\t\t\t\tdata-margin=\"b:40,40,30,30;\"\n\t\t\t\t\t\t\t\t\t\t\tdata-frame_0=\"y:50px;blu:10px;\"\n\t\t\t\t\t\t\t\t\t\t\tdata-frame_1=\"e:power4.out;st:500;sp:1000;sR:490;\"\n\t\t\t\t\t\t\t\t\t\t\tdata-frame_999=\"o:0;e:nothing;st:w;sR:8990;\"\n\t\t\t\t\t\t\t\t\t\t\tstyle=\"z-index:7;font-family:'Poppins';display:inline-block;\"\n\t\t\t\t\t\t\t\t\t\t>Nous simplifions un processus compliqu\u00e9\n \n\t\t\t\t\t\t\t\t\t\t<\/rs-layer><!--\n\n\t\t\t\t\t\t\t\t\t\t--><rs-layer\n\t\t\t\t\t\t\t\t\t\t\tid=\"slider-191-slide-312-layer-9\" \n\t\t\t\t\t\t\t\t\t\t\tdata-type=\"text\"\n\t\t\t\t\t\t\t\t\t\t\tdata-color=\"rgba(255,255,255,0.75)\"\n\t\t\t\t\t\t\t\t\t\t\tdata-xy=\"\"\n\t\t\t\t\t\t\t\t\t\t\tdata-pos=\"r\"\n\t\t\t\t\t\t\t\t\t\t\tdata-text=\"w:normal;s:17;l:30;a:center;\"\n\t\t\t\t\t\t\t\t\t\t\tdata-dim=\"w:100%;\"\n\t\t\t\t\t\t\t\t\t\t\tdata-rsp_o=\"off\"\n\t\t\t\t\t\t\t\t\t\t\tdata-rsp_bd=\"off\"\n\t\t\t\t\t\t\t\t\t\t\tdata-disp=\"inline-block\"\n\t\t\t\t\t\t\t\t\t\t\tdata-margin=\"b:40;\"\n\t\t\t\t\t\t\t\t\t\t\tdata-frame_0=\"y:50px;blu:10px;\"\n\t\t\t\t\t\t\t\t\t\t\tdata-frame_1=\"e:power4.out;st:700;sp:1000;sR:690;\"\n\t\t\t\t\t\t\t\t\t\t\tdata-frame_999=\"o:0;st:w;sR:8990;\"\n\t\t\t\t\t\t\t\t\t\t\tstyle=\"z-index:8;font-family:'Poppins';display:inline-block;\"\n\t\t\t\t\t\t\t\t\t\t>Il y a des tonnes d'avantages et de raisons d'utiliser nos services, de l'assistance d'experts au suivi jusqu'\u00e0 la minute.\n \n\t\t\t\t\t\t\t\t\t\t<\/rs-layer><!--\n\n\t\t\t\t\t\t\t\t\t\t--><a\n\t\t\t\t\t\t\t\t\t\t\tid=\"slider-191-slide-312-layer-16\" \n\t\t\t\t\t\t\t\t\t\t\tclass=\"rs-layer rev-btn\"\n\t\t\t\t\t\t\t\t\t\t\thref=\"https:\/\/www.globaldocumentsolutions.com\/fr\/demandez-un-devis\/\" target=\"_blank\" rel=\"noopener\"\n\t\t\t\t\t\t\t\t\t\t\tdata-type=\"button\"\n\t\t\t\t\t\t\t\t\t\t\tdata-color=\"rgba(255,255,255,1)\"\n\t\t\t\t\t\t\t\t\t\t\tdata-xy=\"\"\n\t\t\t\t\t\t\t\t\t\t\tdata-pos=\"r\"\n\t\t\t\t\t\t\t\t\t\t\tdata-text=\"s:19;l:48;fw:500;a:inherit;\"\n\t\t\t\t\t\t\t\t\t\t\tdata-rsp_o=\"off\"\n\t\t\t\t\t\t\t\t\t\t\tdata-rsp_bd=\"off\"\n\t\t\t\t\t\t\t\t\t\t\tdata-disp=\"inline-block\"\n\t\t\t\t\t\t\t\t\t\t\tdata-padding=\"r:35;l:35;\"\n\t\t\t\t\t\t\t\t\t\t\tdata-border=\"bos:solid;boc:rgba(255,255,255,1);bow:2px,2px,2px,2px;bor:30px,30px,30px,30px;\"\n\t\t\t\t\t\t\t\t\t\t\tdata-frame_0=\"y:50px;blu:10px;\"\n\t\t\t\t\t\t\t\t\t\t\tdata-frame_1=\"e:power4.out;st:900;sp:1000;sR:890;\"\n\t\t\t\t\t\t\t\t\t\t\tdata-frame_999=\"o:0;st:w;sR:8990;\"\n\t\t\t\t\t\t\t\t\t\t\tdata-frame_hover=\"bgc:#d0c184;boc:#d0c184;bor:30px,30px,30px,30px;bos:solid;bow:2px,2px,2px,2px;oX:50;oY:50;sp:200;e:none;\"\n\t\t\t\t\t\t\t\t\t\t\tstyle=\"z-index:9;font-family:'Poppins';cursor:pointer;display:inline-block;outline:none;box-shadow:none;box-sizing:border-box;-moz-box-sizing:border-box;-webkit-box-sizing:border-box;\"\n\t\t\t\t\t\t\t\t\t\t>Obtenez un devis personnalis\u00e9\n \n\t\t\t\t\t\t\t\t\t\t<\/a><!--\n\t\t\t\t\t\t\t\t\t--><\/rs-column><!--\n\t\t\t\t\t\t\t\t--><\/rs-row><!--\n\t\t\t\t\t\t\t--><\/rs-zone><!--\n-->\t\t\t\t\t\t<\/rs-slide>\n\t\t\t\t\t<\/rs-slides>\n\t\t\t\t<\/rs-module>\n\t\t\t\t<script>\n\t\t\t\t\tsetREVStartSize({c: 'getstarted',rl:[1240,1024,778,480],el:[522,500,400,400],gw:[1240,1024,778,480],gh:[500,500,400,400],type:'hero',justify:'',layout:'fullwidth',mh:\"0\"});if (window.RS_MODULES!==undefined && window.RS_MODULES.modules!==undefined && window.RS_MODULES.modules[\"getstarted\"]!==undefined) {window.RS_MODULES.modules[\"getstarted\"].once = false;window.revapi191 = undefined;if (window.RS_MODULES.checkMinimal!==undefined) window.RS_MODULES.checkMinimal()}\n\t\t\t\t<\/script>\n\t\t\t<\/rs-module-wrap>\n\t\t\t<!-- END REVOLUTION SLIDER -->\n<\/div><\/div><\/div><\/div><\/div><\/p>\n","protected":false},"excerpt":{"rendered":"","protected":false},"author":7,"featured_media":0,"parent":0,"menu_order":0,"comment_status":"closed","ping_status":"closed","template":"100-width.php","meta":{"om_disable_all_campaigns":false,"_monsterinsights_skip_tracking":false,"_monsterinsights_sitenote_active":false,"_monsterinsights_sitenote_note":"","_monsterinsights_sitenote_category":0,"footnotes":""},"class_list":["post-34992","page","type-page","status-publish","hentry"],"aioseo_notices":[],"_links":{"self":[{"href":"https:\/\/www.globaldocumentsolutions.com\/es\/wp-json\/wp\/v2\/pages\/34992","targetHints":{"allow":["GET"]}}],"collection":[{"href":"https:\/\/www.globaldocumentsolutions.com\/es\/wp-json\/wp\/v2\/pages"}],"about":[{"href":"https:\/\/www.globaldocumentsolutions.com\/es\/wp-json\/wp\/v2\/types\/page"}],"author":[{"embeddable":true,"href":"https:\/\/www.globaldocumentsolutions.com\/es\/wp-json\/wp\/v2\/users\/7"}],"replies":[{"embeddable":true,"href":"https:\/\/www.globaldocumentsolutions.com\/es\/wp-json\/wp\/v2\/comments?post=34992"}],"version-history":[{"count":0,"href":"https:\/\/www.globaldocumentsolutions.com\/es\/wp-json\/wp\/v2\/pages\/34992\/revisions"}],"wp:attachment":[{"href":"https:\/\/www.globaldocumentsolutions.com\/es\/wp-json\/wp\/v2\/media?parent=34992"}],"curies":[{"name":"wp","href":"https:\/\/api.w.org\/{rel}","templated":true}]}}