{"id":65269,"date":"2024-11-19T12:45:39","date_gmt":"2024-11-19T17:45:39","guid":{"rendered":"https:\/\/www.www.globaldocumentsolutions.com\/?page_id=65269"},"modified":"2024-11-20T11:42:52","modified_gmt":"2024-11-20T16:42:52","slug":"verificacion-de-antecedentes-penales-certificada-por-la-rcmp-internacional","status":"publish","type":"page","link":"https:\/\/www.globaldocumentsolutions.com\/es\/verificacion-de-antecedentes-penales-certificada-por-la-rcmp-internacional\/","title":{"rendered":"Verificaci\u00f3n de antecedentes penales certificada por la RCMP internacional"},"content":{"rendered":"<div class=\"fusion-fullwidth fullwidth-box fusion-builder-row-1 fusion-flex-container has-pattern-background has-mask-background nonhundred-percent-fullwidth non-hundred-percent-height-scrolling\" style=\"--awb-border-radius-top-left:0px;--awb-border-radius-top-right:0px;--awb-border-radius-bottom-right:0px;--awb-border-radius-bottom-left:0px;--awb-flex-wrap:wrap;\" ><div class=\"fusion-builder-row fusion-row fusion-flex-align-items-flex-start fusion-flex-content-wrap\" style=\"max-width:1144px;margin-left: calc(-4% \/ 2 );margin-right: calc(-4% \/ 2 );\"><div class=\"fusion-layout-column fusion_builder_column fusion-builder-column-0 fusion_builder_column_1_1 1_1 fusion-flex-column\" style=\"--awb-bg-size:cover;--awb-width-large:100%;--awb-margin-top-large:0px;--awb-spacing-right-large:1.92%;--awb-margin-bottom-large:20px;--awb-spacing-left-large:1.92%;--awb-width-medium:100%;--awb-order-medium:0;--awb-spacing-right-medium:1.92%;--awb-spacing-left-medium:1.92%;--awb-width-small:100%;--awb-order-small:0;--awb-spacing-right-small:1.92%;--awb-spacing-left-small:1.92%;\"><div class=\"fusion-column-wrapper fusion-column-has-shadow fusion-flex-justify-content-flex-start fusion-content-layout-column\"><div class=\"fusion-text fusion-text-1\"><h2 class=\"\" style=\"--fontsize: 28; line-height: 1.36;\" data-fontsize=\"28\" data-lineheight=\"38.08px\"><img decoding=\"async\" class=\"aligncenter wp-image-65158\" src=\"https:\/\/www.globaldocumentsolutions.com\/wp-content\/uploads\/2024\/11\/DALLE-2024-11-17-093111-A-professional-and-modern-marketing-banner-featuring-a-seamless-blend-of-technology-and-trust-The-image-includes-a-digital-fingerprint-scanner-glowin.webp\" alt=\"RCMP Fingerprint-Based Certified Criminal Record Checks for International Use\" width=\"900\" height=\"900\" srcset=\"https:\/\/www.globaldocumentsolutions.com\/wp-content\/uploads\/2024\/11\/DALLE-2024-11-17-093111-A-professional-and-modern-marketing-banner-featuring-a-seamless-blend-of-technology-and-trust-The-image-includes-a-digital-fingerprint-scanner-glowin-66x66.webp 66w, https:\/\/www.globaldocumentsolutions.com\/wp-content\/uploads\/2024\/11\/DALLE-2024-11-17-093111-A-professional-and-modern-marketing-banner-featuring-a-seamless-blend-of-technology-and-trust-The-image-includes-a-digital-fingerprint-scanner-glowin-150x150.webp 150w, https:\/\/www.globaldocumentsolutions.com\/wp-content\/uploads\/2024\/11\/DALLE-2024-11-17-093111-A-professional-and-modern-marketing-banner-featuring-a-seamless-blend-of-technology-and-trust-The-image-includes-a-digital-fingerprint-scanner-glowin-200x200.webp 200w, https:\/\/www.globaldocumentsolutions.com\/wp-content\/uploads\/2024\/11\/DALLE-2024-11-17-093111-A-professional-and-modern-marketing-banner-featuring-a-seamless-blend-of-technology-and-trust-The-image-includes-a-digital-fingerprint-scanner-glowin-300x300.webp 300w, https:\/\/www.globaldocumentsolutions.com\/wp-content\/uploads\/2024\/11\/DALLE-2024-11-17-093111-A-professional-and-modern-marketing-banner-featuring-a-seamless-blend-of-technology-and-trust-The-image-includes-a-digital-fingerprint-scanner-glowin-400x400.webp 400w, https:\/\/www.globaldocumentsolutions.com\/wp-content\/uploads\/2024\/11\/DALLE-2024-11-17-093111-A-professional-and-modern-marketing-banner-featuring-a-seamless-blend-of-technology-and-trust-The-image-includes-a-digital-fingerprint-scanner-glowin-600x600.webp 600w, https:\/\/www.globaldocumentsolutions.com\/wp-content\/uploads\/2024\/11\/DALLE-2024-11-17-093111-A-professional-and-modern-marketing-banner-featuring-a-seamless-blend-of-technology-and-trust-The-image-includes-a-digital-fingerprint-scanner-glowin-768x768.webp 768w, https:\/\/www.globaldocumentsolutions.com\/wp-content\/uploads\/2024\/11\/DALLE-2024-11-17-093111-A-professional-and-modern-marketing-banner-featuring-a-seamless-blend-of-technology-and-trust-The-image-includes-a-digital-fingerprint-scanner-glowin-800x800.webp 800w, https:\/\/www.globaldocumentsolutions.com\/wp-content\/uploads\/2024\/11\/DALLE-2024-11-17-093111-A-professional-and-modern-marketing-banner-featuring-a-seamless-blend-of-technology-and-trust-The-image-includes-a-digital-fingerprint-scanner-glowin.webp 1024w\" sizes=\"(max-width: 900px) 100vw, 900px\" \/><\/h2>\n<h2 style=\"text-align: center;\">Verificaciones de antecedentes penales certificadas por huellas dactilares de la Real Polic\u00eda Montada de Canad\u00e1 para uso internacional<\/h2>\n<p>En Canad\u00e1, la verificaci\u00f3n de antecedentes penales certificada por huellas dactilares es el m\u00e9todo m\u00e1s confiable y ampliamente aceptado para verificar los antecedentes penales de una persona. Este proceso, supervisado por la <a href=\"https:\/\/rcmp.ca\/en\/criminal-records\/criminal-record-checks\" target=\"_blank\" rel=\"noopener\">Real Polic\u00eda Montada de Canad\u00e1 (RCMP)<\/a>, utiliza huellas dactilares para buscar en el repositorio nacional de antecedentes penales, lo que garantiza una precisi\u00f3n y seguridad inigualables. Estas verificaciones son reconocidas internacionalmente para diversos fines, como inmigraci\u00f3n, empleo, visas y licencias profesionales.<\/p>\n<h3 style=\"text-align: center;\">Por qu\u00e9 las comprobaciones basadas en huellas dactilares son ampliamente aceptadas a nivel internacional<\/h3>\n<p>Las comprobaciones de la RCMP basadas en huellas dactilares son ampliamente confiables porque eliminan el riesgo de errores que suelen asociarse con las b\u00fasquedas basadas en nombres. Para que sean v\u00e1lidas a nivel internacional, estas comprobaciones pueden requerir pasos adicionales:<\/p>\n<ul>\n<li><strong>Certificaci\u00f3n por Apostilla:<\/strong> Desde que Canad\u00e1 se adhiri\u00f3 al Convenio de La Haya sobre la Apostilla, los documentos destinados a los pa\u00edses miembros de la Convenci\u00f3n pueden ahora ser apostillados. Esto simplifica el reconocimiento internacional al garantizar que el documento cumpla con los protocolos de autenticaci\u00f3n estandarizados.<\/li>\n<li><strong>Autenticaci\u00f3n y legalizaci\u00f3n:<\/strong> Para los pa\u00edses que no son parte del Convenio de La Haya, se requiere el proceso tradicional de dos pasos de autenticaci\u00f3n (por parte de Asuntos Globales de Canad\u00e1 o a nivel provincial) y legalizaci\u00f3n (por parte de la embajada o el consulado del pa\u00eds de destino).<\/li>\n<\/ul>\n<h3 style=\"text-align: center;\">Pasos para obtener una verificaci\u00f3n de antecedentes penales de la RCMP con Global Document Solutions<\/h3>\n<p>Global Document Solutions se complace en anunciar que, como nuevo y orgulloso afiliado de ClearNeed, estamos participando activamente en el riguroso proceso para convertirnos en un servicio de toma de huellas dactilares acreditado por la RCMP. Mientras tanto, nos complace recomendar a nuestros afiliados de confianza de ClearNeed en todo Canad\u00e1, que ofrecen un proceso sencillo y eficiente para obtener verificaciones de antecedentes penales certificadas de la RCMP a trav\u00e9s de tecnolog\u00eda de huellas dactilares digitales de vanguardia.<\/p>\n<p>La toma de huellas dactilares digitales es el est\u00e1ndar de oro en cuanto a velocidad, precisi\u00f3n y seguridad, lo que garantiza que su verificaci\u00f3n de antecedentes se realice con precisi\u00f3n. Para celebrar esta asociaci\u00f3n, ofrecemos un incentivo exclusivo: si elige ClearNeed para sus servicios de toma de huellas dactilares y utiliza nuestros servicios de Apostilla o Autenticaci\u00f3n y Legalizaci\u00f3n, <strong>cubriremos la tarifa de $25 de la RCMP por usted.<\/strong><\/p>\n<p>Aqu\u00ed te explicamos c\u00f3mo empezar:<\/p>\n<ol>\n<li><strong>Complete el formulario de solicitud de cotizaci\u00f3n o llame al 1-800-336-1132 de lunes a viernes de 9 a. m. a 5 p. m. (hora del este de EE. UU.):<\/strong> Inf\u00f3rmenos en qu\u00e9 pa\u00eds piensa utilizar el registro de la RCMP. Esto nos ayudar\u00e1 a guiarlo sobre los pasos o costos adicionales necesarios para que su registro sea v\u00e1lido a nivel internacional.<\/li>\n<li><strong>Localice una sucursal de ClearNeed o cualquier servicio acreditado por la RCMP:<\/strong> visite una de las filiales de <a href=\"https:\/\/clearneed.com\/clearneed-locations\/\" target=\"_blank\" rel=\"noopener\">ClearNeed<\/a> en todo Canad\u00e1 para acceder a los servicios de toma de huellas digitales. Estas sucursales est\u00e1n equipadas con tecnolog\u00eda de vanguardia para capturar huellas digitales con precisi\u00f3n. Si no hay una sucursal de ClearNeed cerca o le resulta m\u00e1s conveniente, simplemente localice el servicio de toma de huellas digitales acreditado por la RCMP m\u00e1s cercano.<\/li>\n<li><strong>Env\u00ede sus huellas digitales:<\/strong> sus huellas digitales se env\u00edan de forma segura a la RCMP para su procesamiento. Inf\u00f3rmeles que desea que los resultados se env\u00eden a Global Document Solutions en nuestra sede de Ottawa.<\/li>\n<li><strong>Recibimos su cheque certificado:<\/strong> Una vez procesado, la RCMP emite una verificaci\u00f3n de antecedentes penales certificada generalmente en 3 d\u00edas h\u00e1biles.<\/li>\n<li><strong>Se lleva a cabo la certificaci\u00f3n internacional:<\/strong> para los pa\u00edses signatarios del Convenio de La Haya, Global Document Solutions facilitar\u00e1 la certificaci\u00f3n por <a href=\"https:\/\/www.globaldocumentsolutions.com\/es\/servicios-de-apostilla-en-canada\/\">Apostilla<\/a>. Para los pa\u00edses que no son signatarios del Convenio de La Haya, gestionaremos el proceso de autenticaci\u00f3n y legalizaci\u00f3n, garantizando que su verificaci\u00f3n de la RCMP sea v\u00e1lida para su uso en el extranjero.<\/li>\n<li><strong>Listo para env\u00edo a todo el mundo:<\/strong> una vez que su verificaci\u00f3n de antecedentes penales certificada por la RCMP est\u00e9 autenticada para uso internacional, ofrecemos soluciones de env\u00edo nacionales e internacionales confiables. \u00a1Solo inf\u00f3rmenos el destino!<\/li>\n<\/ol>\n<h3 style=\"text-align: center;\">\u00bfPor qu\u00e9 elegir Global Document Solutions?<\/h3>\n<p>Global Document Solutions es el l\u00edder m\u00e1s importante de Canad\u00e1 en certificaci\u00f3n internacional de documentos, con m\u00e1s de tres d\u00e9cadas de experiencia inigualable. La empresa se especializa en brindar soluciones integrales para la certificaci\u00f3n, autenticaci\u00f3n y legalizaci\u00f3n de apostillas. Su amplia experiencia y su red global la convierten en la opci\u00f3n ideal para gestionar requisitos de documentaci\u00f3n complejos.<\/p>\n<\/div><div class=\"fusion-text fusion-text-2\"><h3 style=\"text-align: center;\">Preguntas frecuentes sobre la verificaci\u00f3n de antecedentes penales certificada por RCMP<\/h3>\n<\/div><style type=\"text\/css\">.fusion-faqs-wrapper #accordian-1 .fusion-panel { border-color:#0095c7; }.fusion-faqs-wrapper #accordian-1 .fusion-panel:hover{ border-color: var(--awb-color3); }.fusion-accordian #accordian-1 .panel-title a .fa-fusion-box:before{ font-size: 16px;width: 16px;}.fusion-accordian #accordian-1 .panel-title a .fa-fusion-box{ color: var(--awb-color1);}.fusion-accordian  #accordian-1 .panel-title a{font-size:16px;font-family:var(--awb-typography1-font-family);font-weight:var(--awb-typography1-font-weight);font-style:var(--awb-typography1-font-style);}.fusion-accordian  #accordian-1 .panel-title a:not(:hover){}.fusion-accordian  #accordian-1 .toggle-content{font-family:var(--awb-typography4-font-family);font-weight:var(--awb-typography4-font-weight);font-style:var(--awb-typography4-font-style);}.fusion-accordian #accordian-1 .fa-fusion-box { background-color: #0095c7 !important;border-color: #0095c7 !important;}.fusion-accordian #accordian-1 .panel-title a:hover,.fusion-accordian #accordian-1 .panel-title a.hover { color: #0095c7;}.fusion-faq-shortcode .fusion-accordian #accordian-1 .fusion-toggle-boxed-mode:hover .panel-title a { color: #0095c7;}.fusion-accordian #accordian-1 .panel-title .active .fa-fusion-box,.fusion-accordian #accordian-1 .panel-title a:hover .fa-fusion-box,.fusion-accordian #accordian-1 .panel-title a.hover .fa-fusion-box { background-color: #0095c7!important;border-color: #0095c7!important;}<\/style><div class=\"fusion-faq-shortcode\" style=\"\"><div class=\"fusion-faqs-wrapper\"><div class=\"accordian fusion-accordian\"><div class=\"panel-group \" id=\"accordian-1\"><div class=\"fusion-panel panel-default fusion-faq-post fusion-faq-post-65336 es-rcmp-check \"><div class=\"panel-heading\"><h6 id=\"faq_1-65336\" class=\"panel-title toggle\"><a data-toggle=\"collapse\" class=\"collapsed\" data-parent=\"#accordian-1\" data-target=\"#collapse-1-65336\" href=\"#collapse-1-65336\" aria-expanded=\"false\"><div class=\"fusion-toggle-icon-wrapper\"><div class=\"fusion-toggle-icon-wrapper-main\"><div class=\"fusion-toggle-icon-wrapper-sub\"><i class=\"fa-fusion-box active-icon awb-icon-minus\" aria-hidden=\"true\"><\/i><i class=\"fa-fusion-box inactive-icon awb-icon-plus\" aria-hidden=\"true\"><\/i><\/div><\/div><\/div><div class=\"fusion-toggle-heading\">\u00bfCu\u00e1nto tiempo tarda la RCMP en emitir una verificaci\u00f3n certificada de antecedentes penales?<\/div><\/a><\/h6><\/div><div id=\"collapse-1-65336\" aria-labelledby=\"faq_1-65336\" class=\"panel-collapse collapse\"><div class=\"panel-body toggle-content post-content\"><p>El tiempo de procesamiento de una verificaci\u00f3n de antecedentes penales certificada por la RCMP es normalmente de 3 d\u00edas h\u00e1biles o menos si no se encuentran antecedentes. Sin embargo, si se encuentran antecedentes, puede llevar de 1 a 4 meses recibir los resultados. Tenga en cuenta que este plazo no incluye el env\u00edo por correo al solicitante o a un tercero.<\/p>\n<\/div><\/div><\/div><div class=\"fusion-panel panel-default fusion-faq-post fusion-faq-post-65340 es-rcmp-check \"><div class=\"panel-heading\"><h6 id=\"faq_1-65340\" class=\"panel-title toggle\"><a data-toggle=\"collapse\" class=\"collapsed\" data-parent=\"#accordian-1\" data-target=\"#collapse-1-65340\" href=\"#collapse-1-65340\" aria-expanded=\"false\"><div class=\"fusion-toggle-icon-wrapper\"><div class=\"fusion-toggle-icon-wrapper-main\"><div class=\"fusion-toggle-icon-wrapper-sub\"><i class=\"fa-fusion-box active-icon awb-icon-minus\" aria-hidden=\"true\"><\/i><i class=\"fa-fusion-box inactive-icon awb-icon-plus\" aria-hidden=\"true\"><\/i><\/div><\/div><\/div><div class=\"fusion-toggle-heading\">\u00bfQu\u00e9 tipos de identificaci\u00f3n se aceptan para el proceso de toma de huellas dactilares?<\/div><\/a><\/h6><\/div><div id=\"collapse-1-65340\" aria-labelledby=\"faq_1-65340\" class=\"panel-collapse collapse\"><div class=\"panel-body toggle-content post-content\"><p><strong>Documentos de identificaci\u00f3n gubernamentales aceptables<\/strong><br \/>\nLicencia de conducir<br \/>\nPasaporte<br \/>\nTarjeta de estatus ind\u00edgena<br \/>\nTarjeta de ciudadan\u00eda<br \/>\nTarjeta de residencia permanente<br \/>\nLicencia de armas de fuego<br \/>\nTarjeta de identidad de estudiante<br \/>\nTarjeta de identificaci\u00f3n federal, provincial o municipal<br \/>\nTarjeta de identificaci\u00f3n militar<br \/>\nPermiso de trabajo<\/p>\n<\/div><\/div><\/div><div class=\"fusion-panel panel-default fusion-faq-post fusion-faq-post-65342 es-rcmp-check \"><div class=\"panel-heading\"><h6 id=\"faq_1-65342\" class=\"panel-title toggle\"><a data-toggle=\"collapse\" class=\"collapsed\" data-parent=\"#accordian-1\" data-target=\"#collapse-1-65342\" href=\"#collapse-1-65342\" aria-expanded=\"false\"><div class=\"fusion-toggle-icon-wrapper\"><div class=\"fusion-toggle-icon-wrapper-main\"><div class=\"fusion-toggle-icon-wrapper-sub\"><i class=\"fa-fusion-box active-icon awb-icon-minus\" aria-hidden=\"true\"><\/i><i class=\"fa-fusion-box inactive-icon awb-icon-plus\" aria-hidden=\"true\"><\/i><\/div><\/div><\/div><div class=\"fusion-toggle-heading\">\u00bfCu\u00e1l es el costo de la toma de huellas digitales y cu\u00e1nto tiempo demora?<\/div><\/a><\/h6><\/div><div id=\"collapse-1-65342\" aria-labelledby=\"faq_1-65342\" class=\"panel-collapse collapse\"><div class=\"panel-body toggle-content post-content\"><p>El costo de la toma de huellas digitales var\u00eda seg\u00fan el proveedor de servicios. Nuestros clientes informan que los precios comienzan en $40; sin embargo, debe esperar pagar al menos $50 o m\u00e1s. El proceso suele demorar unos 10 minutos, aunque la duraci\u00f3n exacta puede variar seg\u00fan el proveedor de servicios.<\/p>\n<\/div><\/div><\/div><div class=\"fusion-panel panel-default fusion-faq-post fusion-faq-post-65344 es-rcmp-check \"><div class=\"panel-heading\"><h6 id=\"faq_1-65344\" class=\"panel-title toggle\"><a data-toggle=\"collapse\" class=\"collapsed\" data-parent=\"#accordian-1\" data-target=\"#collapse-1-65344\" href=\"#collapse-1-65344\" aria-expanded=\"false\"><div class=\"fusion-toggle-icon-wrapper\"><div class=\"fusion-toggle-icon-wrapper-main\"><div class=\"fusion-toggle-icon-wrapper-sub\"><i class=\"fa-fusion-box active-icon awb-icon-minus\" aria-hidden=\"true\"><\/i><i class=\"fa-fusion-box inactive-icon awb-icon-plus\" aria-hidden=\"true\"><\/i><\/div><\/div><\/div><div class=\"fusion-toggle-heading\">\u00bfCu\u00e1nto cobra la RCMP por una verificaci\u00f3n certificada de antecedentes penales para uso internacional?<\/div><\/a><\/h6><\/div><div id=\"collapse-1-65344\" aria-labelledby=\"faq_1-65344\" class=\"panel-collapse collapse\"><div class=\"panel-body toggle-content post-content\"><p>La tarifa de procesamiento de la RCMP por cada verificaci\u00f3n de antecedentes penales es de $25 CAD. Esta tarifa la cobra la empresa de toma de huellas dactilares acreditada que se encarga de sus huellas dactilares. Si utiliza una filial de ClearNeed, nosotros cubriremos esta tarifa. Simplemente informe a su agente personal de Global Document Solutions y deduciremos la tarifa de sus cargos por servicios de certificaci\u00f3n internacional.<\/p>\n<\/div><\/div><\/div><\/div><\/div><\/div><\/div><div class=\"fusion-separator fusion-full-width-sep\" style=\"align-self: center;margin-left: auto;margin-right: auto;margin-top:20px;margin-bottom:20px;width:100%;\"><\/div>\n<div class=\"fusion-slider-revolution rev_slider_wrapper\">\t\t\t<!-- START ES CallOut REVOLUTION SLIDER 6.6.16 --><p class=\"rs-p-wp-fix\"><\/p>\n\t\t\t<rs-module-wrap id=\"getstarted_wrapper\" data-source=\"gallery\" style=\"visibility:hidden;background:#198fd9;padding:0;margin:0px auto;margin-top:0;margin-bottom:0;\">\n\t\t\t\t<rs-module id=\"getstarted\" style=\"\" data-version=\"6.6.16\">\n\t\t\t\t\t<rs-slides style=\"overflow: hidden; position: absolute;\">\n\t\t\t\t\t\t<rs-slide style=\"position: absolute;\" data-key=\"rs-349\" data-title=\"Slide\" data-anim=\"ms:600;\" data-in=\"o:0;\" data-out=\"a:false;\" class=\"nc-gradient\">\n\t\t\t\t\t\t\t<img decoding=\"async\" src=\"\/\/www.globaldocumentsolutions.com\/wp-content\/plugins\/revslider\/public\/assets\/assets\/dummy.png\" alt=\"Slide\" title=\"\u00bfCu\u00e1nto cobra la RCMP por una verificaci\u00f3n certificada de antecedentes penales para uso internacional?\" class=\"rev-slidebg tp-rs-img rs-lazyload\" data-lazyload=\"\/\/www.globaldocumentsolutions.com\/wp-content\/plugins\/revslider\/public\/assets\/assets\/transparent.png\" data-bg=\"c:#0095c7;\" data-no-retina>\n<!--\t\t\t\t\t\t--><rs-zone id=\"rrzt_349\" class=\"rev_row_zone_top\" style=\"z-index: 5;\"><!--\n\n\t\t\t\t\t\t\t\t--><rs-row\n\t\t\t\t\t\t\t\t\tid=\"slider-228-slide-349-layer-2\" \n\t\t\t\t\t\t\t\t\tdata-type=\"row\"\n\t\t\t\t\t\t\t\t\tdata-xy=\"xo:100px;yo:100px;\"\n\t\t\t\t\t\t\t\t\tdata-text=\"l:22;a:inherit;\"\n\t\t\t\t\t\t\t\t\tdata-rsp_o=\"off\"\n\t\t\t\t\t\t\t\t\tdata-rsp_bd=\"off\"\n\t\t\t\t\t\t\t\t\tdata-margin=\"t:150,250,150,150;b:150,300,150,150;\"\n\t\t\t\t\t\t\t\t\tdata-frame_1=\"sR:10;\"\n\t\t\t\t\t\t\t\t\tdata-frame_999=\"o:0;st:w;sR:8690;sA:9000;\"\n\t\t\t\t\t\t\t\t\tstyle=\"z-index:5;\"\n\t\t\t\t\t\t\t\t><!--\n\t\t\t\t\t\t\t\t\t--><rs-column\n\t\t\t\t\t\t\t\t\t\tid=\"slider-228-slide-349-layer-3\" \n\t\t\t\t\t\t\t\t\t\tdata-type=\"column\"\n\t\t\t\t\t\t\t\t\t\tdata-xy=\"xo:100px;yo:100px;\"\n\t\t\t\t\t\t\t\t\t\tdata-text=\"l:22;a:center;\"\n\t\t\t\t\t\t\t\t\t\tdata-rsp_o=\"off\"\n\t\t\t\t\t\t\t\t\t\tdata-rsp_bd=\"off\"\n\t\t\t\t\t\t\t\t\t\tdata-column=\"w:100%;\"\n\t\t\t\t\t\t\t\t\t\tdata-padding=\"r:40;l:40;\"\n\t\t\t\t\t\t\t\t\t\tdata-frame_999=\"o:0;st:w;sR:8990;sA:9000;\"\n\t\t\t\t\t\t\t\t\t\tstyle=\"z-index:6;width:100%;\"\n\t\t\t\t\t\t\t\t\t><!--\n\t\t\t\t\t\t\t\t\t\t--><rs-layer\n\t\t\t\t\t\t\t\t\t\t\tid=\"slider-228-slide-349-layer-6\" \n\t\t\t\t\t\t\t\t\t\t\tdata-type=\"text\"\n\t\t\t\t\t\t\t\t\t\t\tdata-color=\"rgba(255,255,255,1)\"\n\t\t\t\t\t\t\t\t\t\t\tdata-xy=\"x:l,l,c,c;xo:0,3px,3px,3px;y:t,t,m,m;yo:0,240px,240px,240px;\"\n\t\t\t\t\t\t\t\t\t\t\tdata-pos=\"r\"\n\t\t\t\t\t\t\t\t\t\t\tdata-text=\"w:normal;s:50,50,40,30;l:60,60,50,40;fw:500;a:center;\"\n\t\t\t\t\t\t\t\t\t\t\tdata-dim=\"w:100%,472px,100%,100%;\"\n\t\t\t\t\t\t\t\t\t\t\tdata-rsp_o=\"off\"\n\t\t\t\t\t\t\t\t\t\t\tdata-rsp_bd=\"off\"\n\t\t\t\t\t\t\t\t\t\t\tdata-disp=\"inline-block\"\n\t\t\t\t\t\t\t\t\t\t\tdata-margin=\"b:40,40,30,30;\"\n\t\t\t\t\t\t\t\t\t\t\tdata-frame_0=\"y:50px;blu:10px;\"\n\t\t\t\t\t\t\t\t\t\t\tdata-frame_1=\"e:power4.out;st:500;sp:1000;sR:490;\"\n\t\t\t\t\t\t\t\t\t\t\tdata-frame_999=\"o:0;e:nothing;st:w;sR:8990;\"\n\t\t\t\t\t\t\t\t\t\t\tstyle=\"z-index:7;background-color:#0095c7;font-family:'Poppins';display:inline-block;\"\n\t\t\t\t\t\t\t\t\t\t>Simplificamos un proceso complicado \n\t\t\t\t\t\t\t\t\t\t<\/rs-layer><!--\n\n\t\t\t\t\t\t\t\t\t\t--><rs-layer\n\t\t\t\t\t\t\t\t\t\t\tid=\"slider-228-slide-349-layer-9\" \n\t\t\t\t\t\t\t\t\t\t\tdata-type=\"text\"\n\t\t\t\t\t\t\t\t\t\t\tdata-color=\"rgba(255,255,255,0.75)\"\n\t\t\t\t\t\t\t\t\t\t\tdata-xy=\"\"\n\t\t\t\t\t\t\t\t\t\t\tdata-pos=\"r\"\n\t\t\t\t\t\t\t\t\t\t\tdata-text=\"w:normal;s:17;l:30;a:center;\"\n\t\t\t\t\t\t\t\t\t\t\tdata-dim=\"w:100%;\"\n\t\t\t\t\t\t\t\t\t\t\tdata-rsp_o=\"off\"\n\t\t\t\t\t\t\t\t\t\t\tdata-rsp_bd=\"off\"\n\t\t\t\t\t\t\t\t\t\t\tdata-disp=\"inline-block\"\n\t\t\t\t\t\t\t\t\t\t\tdata-margin=\"b:40;\"\n\t\t\t\t\t\t\t\t\t\t\tdata-frame_0=\"y:50px;blu:10px;\"\n\t\t\t\t\t\t\t\t\t\t\tdata-frame_1=\"e:power4.out;st:700;sp:1000;sR:690;\"\n\t\t\t\t\t\t\t\t\t\t\tdata-frame_999=\"o:0;st:w;sR:8990;\"\n\t\t\t\t\t\t\t\t\t\t\tstyle=\"z-index:8;font-family:'Poppins';display:inline-block;\"\n\t\t\t\t\t\t\t\t\t\t>Hay toneladas de beneficios y razones para utilizar nuestros servicios, desde el soporte de expertos hasta el seguimiento al minuto. \n\t\t\t\t\t\t\t\t\t\t<\/rs-layer><!--\n\n\t\t\t\t\t\t\t\t\t\t--><a\n\t\t\t\t\t\t\t\t\t\t\tid=\"slider-228-slide-349-layer-16\" \n\t\t\t\t\t\t\t\t\t\t\tclass=\"rs-layer rev-btn\"\n\t\t\t\t\t\t\t\t\t\t\thref=\"https:\/\/www.globaldocumentsolutions.com\/get-a-quote\/\" target=\"_blank\" rel=\"noopener\"\n\t\t\t\t\t\t\t\t\t\t\tdata-type=\"button\"\n\t\t\t\t\t\t\t\t\t\t\tdata-color=\"rgba(255,255,255,1)\"\n\t\t\t\t\t\t\t\t\t\t\tdata-xy=\"\"\n\t\t\t\t\t\t\t\t\t\t\tdata-pos=\"r\"\n\t\t\t\t\t\t\t\t\t\t\tdata-text=\"s:19;l:48;fw:500;a:inherit;\"\n\t\t\t\t\t\t\t\t\t\t\tdata-rsp_o=\"off\"\n\t\t\t\t\t\t\t\t\t\t\tdata-rsp_bd=\"off\"\n\t\t\t\t\t\t\t\t\t\t\tdata-disp=\"inline-block\"\n\t\t\t\t\t\t\t\t\t\t\tdata-padding=\"r:35;l:35;\"\n\t\t\t\t\t\t\t\t\t\t\tdata-border=\"bos:solid;boc:rgba(255,255,255,1);bow:2px,2px,2px,2px;bor:30px,30px,30px,30px;\"\n\t\t\t\t\t\t\t\t\t\t\tdata-frame_0=\"y:50px;blu:10px;\"\n\t\t\t\t\t\t\t\t\t\t\tdata-frame_1=\"e:power4.out;st:900;sp:1000;sR:890;\"\n\t\t\t\t\t\t\t\t\t\t\tdata-frame_999=\"o:0;st:w;sR:8990;\"\n\t\t\t\t\t\t\t\t\t\t\tdata-frame_hover=\"bgc:#d0c184;boc:#d0c184;bor:30px,30px,30px,30px;bos:solid;bow:2px,2px,2px,2px;oX:50;oY:50;sp:200;e:none;\"\n\t\t\t\t\t\t\t\t\t\t\tstyle=\"z-index:9;font-family:'Poppins';cursor:pointer;display:inline-block;outline:none;box-shadow:none;box-sizing:border-box;-moz-box-sizing:border-box;-webkit-box-sizing:border-box;\"\n\t\t\t\t\t\t\t\t\t\t>Obtenga una cotizaci\u00f3n personalizada \n\t\t\t\t\t\t\t\t\t\t<\/a><!--\n\t\t\t\t\t\t\t\t\t--><\/rs-column><!--\n\t\t\t\t\t\t\t\t--><\/rs-row><!--\n\t\t\t\t\t\t\t--><\/rs-zone><!--\n-->\t\t\t\t\t\t<\/rs-slide>\n\t\t\t\t\t<\/rs-slides>\n\t\t\t\t<\/rs-module>\n\t\t\t\t<script>\n\t\t\t\t\tsetREVStartSize({c: 'getstarted',rl:[1240,1024,778,480],el:[522,500,400,400],gw:[1240,1024,778,480],gh:[500,500,400,400],type:'hero',justify:'',layout:'fullwidth',mh:\"0\"});if (window.RS_MODULES!==undefined && window.RS_MODULES.modules!==undefined && window.RS_MODULES.modules[\"getstarted\"]!==undefined) {window.RS_MODULES.modules[\"getstarted\"].once = false;window.revapi228 = undefined;if (window.RS_MODULES.checkMinimal!==undefined) window.RS_MODULES.checkMinimal()}\n\t\t\t\t<\/script>\n\t\t\t<\/rs-module-wrap>\n\t\t\t<!-- END REVOLUTION SLIDER -->\n<\/div><\/div><\/div><\/div><\/div>\n","protected":false},"excerpt":{"rendered":"","protected":false},"author":7,"featured_media":0,"parent":0,"menu_order":0,"comment_status":"closed","ping_status":"closed","template":"","meta":{"om_disable_all_campaigns":false,"_monsterinsights_skip_tracking":false,"_monsterinsights_sitenote_active":false,"_monsterinsights_sitenote_note":"","_monsterinsights_sitenote_category":0,"footnotes":""},"class_list":["post-65269","page","type-page","status-publish","hentry"],"aioseo_notices":[],"_links":{"self":[{"href":"https:\/\/www.globaldocumentsolutions.com\/es\/wp-json\/wp\/v2\/pages\/65269","targetHints":{"allow":["GET"]}}],"collection":[{"href":"https:\/\/www.globaldocumentsolutions.com\/es\/wp-json\/wp\/v2\/pages"}],"about":[{"href":"https:\/\/www.globaldocumentsolutions.com\/es\/wp-json\/wp\/v2\/types\/page"}],"author":[{"embeddable":true,"href":"https:\/\/www.globaldocumentsolutions.com\/es\/wp-json\/wp\/v2\/users\/7"}],"replies":[{"embeddable":true,"href":"https:\/\/www.globaldocumentsolutions.com\/es\/wp-json\/wp\/v2\/comments?post=65269"}],"version-history":[{"count":0,"href":"https:\/\/www.globaldocumentsolutions.com\/es\/wp-json\/wp\/v2\/pages\/65269\/revisions"}],"wp:attachment":[{"href":"https:\/\/www.globaldocumentsolutions.com\/es\/wp-json\/wp\/v2\/media?parent=65269"}],"curies":[{"name":"wp","href":"https:\/\/api.w.org\/{rel}","templated":true}]}}