{"id":12095,"date":"2025-03-21T14:45:41","date_gmt":"2025-03-21T18:45:41","guid":{"rendered":"http:\/\/als-04.eproofs.ca\/affaires-reglementaires-apostille-authentification-et-legalisation\/"},"modified":"2025-03-21T14:45:41","modified_gmt":"2025-03-21T18:45:41","slug":"affaires-reglementaires-apostille-authentification-et-legalisation","status":"publish","type":"page","link":"https:\/\/www.globaldocumentsolutions.com\/fr\/affaires-reglementaires-apostille-authentification-et-legalisation\/","title":{"rendered":"Authentification et l\u00e9galisation de documents sur les Pharmaceutiques et Affaires r\u00e9glementaires"},"content":{"rendered":"<p><div class=\"fusion-fullwidth fullwidth-box fusion-builder-row-1 fusion-flex-container has-pattern-background has-mask-background hundred-percent-fullwidth non-hundred-percent-height-scrolling\" style=\"--awb-border-radius-top-left:0px;--awb-border-radius-top-right:0px;--awb-border-radius-bottom-right:0px;--awb-border-radius-bottom-left:0px;--awb-overflow:visible;--awb-padding-right:0px;--awb-padding-left:0px;--awb-flex-wrap:wrap;\" ><div class=\"fusion-builder-row fusion-row fusion-flex-align-items-flex-start fusion-flex-content-wrap\" style=\"width:104% !important;max-width:104% !important;margin-left: calc(-4% \/ 2 );margin-right: calc(-4% \/ 2 );\"><div class=\"fusion-layout-column fusion_builder_column fusion-builder-column-0 fusion_builder_column_1_1 1_1 fusion-flex-column fusion-flex-align-self-flex-start fusion-column-no-min-height\" style=\"--awb-bg-size:cover;--awb-width-large:100%;--awb-margin-top-large:0px;--awb-spacing-right-large:1.92%;--awb-margin-bottom-large:0px;--awb-spacing-left-large:1.92%;--awb-width-medium:100%;--awb-spacing-right-medium:1.92%;--awb-spacing-left-medium:1.92%;--awb-width-small:100%;--awb-spacing-right-small:1.92%;--awb-spacing-left-small:1.92%;\"><div class=\"fusion-column-wrapper fusion-flex-justify-content-flex-start fusion-content-layout-column\">\n<div class=\"fusion-slider-revolution rev_slider_wrapper\">\t\t\t<!-- START FR Pharma REVOLUTION SLIDER 6.6.16 --><p class=\"rs-p-wp-fix\"><\/p>\n\t\t\t<rs-module-wrap id=\"rev_slider_225_1_wrapper\" data-source=\"gallery\" style=\"visibility:hidden;background:#aaaaaa;padding:0;margin:0px auto;margin-top:0;margin-bottom:0;\">\n\t\t\t\t<rs-module id=\"rev_slider_225_1\" style=\"\" data-version=\"6.6.16\">\n\t\t\t\t\t<rs-slides style=\"overflow: hidden; position: absolute;\">\n\t\t\t\t\t\t<rs-slide style=\"position: absolute;\" data-key=\"rs-346\" data-title=\"Slide\" data-anim=\"ms:600;\" data-in=\"o:0;\" data-out=\"a:false;\">\n\t\t\t\t\t\t\t<img decoding=\"async\" src=\"\/\/www.globaldocumentsolutions.com\/wp-content\/plugins\/revslider\/public\/assets\/assets\/dummy.png\" alt=\"Slide\" title=\"Authentification et l\u00e9galisation de documents sur les Pharmaceutiques et Affaires r\u00e9glementaires\" class=\"rev-slidebg tp-rs-img rs-lazyload\" data-lazyload=\"\/\/www.globaldocumentsolutions.com\/wp-content\/plugins\/revslider\/public\/assets\/assets\/transparent.png\" data-bg=\"c:linear-gradient(120deg, rgba(203,186,204,1) 0%, rgba(36,57,73,1) 100%);\" data-parallax=\"off\" data-no-retina>\n<!--\n\t\t\t\t\t\t\t--><rs-layer\n\t\t\t\t\t\t\t\tid=\"slider-225-slide-346-layer-1\" \n\t\t\t\t\t\t\t\tclass=\"rs-pxl-2\"\n\t\t\t\t\t\t\t\tdata-type=\"image\"\n\t\t\t\t\t\t\t\tdata-rsp_ch=\"on\"\n\t\t\t\t\t\t\t\tdata-xy=\"x:c;xo:-456px,-500px,-390px,-220px;y:m;yo:1px,0,0,0;\"\n\t\t\t\t\t\t\t\tdata-text=\"l:22;a:inherit;\"\n\t\t\t\t\t\t\t\tdata-dim=\"w:1000px,1000px,800px,500px;h:666px,563px,450px,281px;\"\n\t\t\t\t\t\t\t\tdata-frame_0=\"o:1;\"\n\t\t\t\t\t\t\t\tdata-frame_0_sfx=\"se:blocktoleft;fxc:#243949;\"\n\t\t\t\t\t\t\t\tdata-frame_1=\"st:200;sp:750;sR:200;\"\n\t\t\t\t\t\t\t\tdata-frame_1_sfx=\"se:blocktoleft;fxc:#243949;\"\n\t\t\t\t\t\t\t\tdata-frame_999=\"z:0;e:power4.out;st:w;sp:500;sR:8050;\"\n\t\t\t\t\t\t\t\tstyle=\"z-index:12;\"\n\t\t\t\t\t\t\t><img decoding=\"async\" src=\"\/\/www.globaldocumentsolutions.com\/wp-content\/plugins\/revslider\/public\/assets\/assets\/dummy.png\" alt=\"Apostille Health Canada Certificate\" class=\"tp-rs-img rs-lazyload\" width=\"1280\" height=\"853\" data-lazyload=\"\/\/www.globaldocumentsolutions.com\/wp-content\/uploads\/2023\/08\/gWGe_w7ktQU.jpg\" data-no-retina> \n\t\t\t\t\t\t\t<\/rs-layer><!--\n\n\t\t\t\t\t\t\t--><rs-layer\n\t\t\t\t\t\t\t\tid=\"slider-225-slide-346-layer-2\" \n\t\t\t\t\t\t\t\tdata-type=\"text\"\n\t\t\t\t\t\t\t\tdata-rsp_ch=\"on\"\n\t\t\t\t\t\t\t\tdata-xy=\"xo:676px,240px,110px,80px;y:m;yo:-16px,-30px,-30px,-30px;\"\n\t\t\t\t\t\t\t\tdata-text=\"w:normal;s:70,70,70,50;l:70,70,70,50;ls:-2px;a:center,right,right,right;\"\n\t\t\t\t\t\t\t\tdata-dim=\"w:532px,650px,620px,380px;h:330px,auto,auto,auto;\"\n\t\t\t\t\t\t\t\tdata-padding=\"t:20;r:20;b:30;l:20;\"\n\t\t\t\t\t\t\t\tdata-frame_0=\"o:1;\"\n\t\t\t\t\t\t\t\tdata-frame_0_sfx=\"se:blocktoleft;fxc:#cbbacc;\"\n\t\t\t\t\t\t\t\tdata-frame_1=\"st:300;sp:750;sR:300;\"\n\t\t\t\t\t\t\t\tdata-frame_1_sfx=\"se:blocktoleft;fxc:#cbbacc;\"\n\t\t\t\t\t\t\t\tdata-frame_999=\"z:0;e:power4.out;st:w;sp:500;sR:7950;\"\n\t\t\t\t\t\t\t\tstyle=\"z-index:15;font-family:'Poppins';\"\n\t\t\t\t\t\t\t>Nous vous amenons rapidement sur le march\u00e9 \n\t\t\t\t\t\t\t<\/rs-layer><!--\n\n\t\t\t\t\t\t\t--><rs-layer\n\t\t\t\t\t\t\t\tid=\"slider-225-slide-346-layer-3\" \n\t\t\t\t\t\t\t\tdata-type=\"text\"\n\t\t\t\t\t\t\t\tdata-rsp_ch=\"on\"\n\t\t\t\t\t\t\t\tdata-xy=\"x:r,l,l,l;xo:1px,700px,540px,270px;y:m;yo:-235px,-177px,-177px,-157px;\"\n\t\t\t\t\t\t\t\tdata-text=\"w:normal;l:20;ls:10px;a:center,left,left,left;\"\n\t\t\t\t\t\t\t\tdata-padding=\"t:10;r:20;b:10;l:20;\"\n\t\t\t\t\t\t\t\tdata-frame_0=\"o:1;\"\n\t\t\t\t\t\t\t\tdata-frame_0_sfx=\"se:blocktoleft;fxc:#cbbacc;\"\n\t\t\t\t\t\t\t\tdata-frame_1=\"st:400;sp:750;sR:400;\"\n\t\t\t\t\t\t\t\tdata-frame_1_sfx=\"se:blocktoleft;fxc:#cbbacc;\"\n\t\t\t\t\t\t\t\tdata-frame_999=\"z:0;e:power4.out;st:w;sp:500;sR:7850;\"\n\t\t\t\t\t\t\t\tstyle=\"z-index:14;font-family:'Poppins';\"\n\t\t\t\t\t\t\t>Pharmaceutique et M\u00e9dical \n\t\t\t\t\t\t\t<\/rs-layer><!--\n\n\t\t\t\t\t\t\t--><a\n\t\t\t\t\t\t\t\tid=\"slider-225-slide-346-layer-29\" \n\t\t\t\t\t\t\t\tclass=\"rs-layer rev-btn\"\n\t\t\t\t\t\t\t\thref=\"https:\/\/www.globaldocumentsolutions.com\/fr\/demandez-un-devis-de-service-alsc\/\" target=\"_self\" rel=\"nofollow\"\n\t\t\t\t\t\t\t\tdata-type=\"button\"\n\t\t\t\t\t\t\t\tdata-color=\"rgba(255,255,255,1)\"\n\t\t\t\t\t\t\t\tdata-rsp_ch=\"on\"\n\t\t\t\t\t\t\t\tdata-xy=\"xo:804px,760px,600px,330px;y:m;yo:227px,150px,150px,110px;\"\n\t\t\t\t\t\t\t\tdata-text=\"w:normal;s:15;l:50;ls:2px;a:center,inherit,inherit,inherit;\"\n\t\t\t\t\t\t\t\tdata-dim=\"w:264px,auto,auto,auto;h:52px,auto,auto,auto;\"\n\t\t\t\t\t\t\t\tdata-padding=\"r:30;l:30;\"\n\t\t\t\t\t\t\t\tdata-border=\"bos:solid;boc:#ffffff;bow:1px,1px,1px,1px;\"\n\t\t\t\t\t\t\t\tdata-frame_0=\"o:1;\"\n\t\t\t\t\t\t\t\tdata-frame_0_sfx=\"se:blocktoleft;fxc:#cbbacc;\"\n\t\t\t\t\t\t\t\tdata-frame_1=\"st:500;sp:750;sR:500;\"\n\t\t\t\t\t\t\t\tdata-frame_1_sfx=\"se:blocktoleft;fxc:#cbbacc;\"\n\t\t\t\t\t\t\t\tdata-frame_999=\"z:0;e:power4.out;st:w;sp:500;sR:7750;\"\n\t\t\t\t\t\t\t\tdata-frame_hover=\"c:#000;bgc:#fff;boc:#fff;bor:0px,0px,0px,0px;bos:solid;bow:1px,1px,1px,1px;oX:50;oY:50;sp:0;e:none;\"\n\t\t\t\t\t\t\t\tstyle=\"z-index:9;font-family:'Poppins';cursor:pointer;outline:none;box-shadow:none;box-sizing:border-box;-moz-box-sizing:border-box;-webkit-box-sizing:border-box;\"\n\t\t\t\t\t\t\t>Obtenir un devis \n\t\t\t\t\t\t\t<\/a><!--\n-->\t\t\t\t\t\t<\/rs-slide>\n\t\t\t\t\t<\/rs-slides>\n\t\t\t\t<\/rs-module>\n\t\t\t\t<script>\n\t\t\t\t\tsetREVStartSize({c: 'rev_slider_225_1',rl:[1240,1024,778,480],el:[868,768,960,720],gw:[1240,1240,778,480],gh:[868,868,960,720],type:'standard',justify:'',layout:'fullwidth',mh:\"0\"});if (window.RS_MODULES!==undefined && window.RS_MODULES.modules!==undefined && window.RS_MODULES.modules[\"revslider2251\"]!==undefined) {window.RS_MODULES.modules[\"revslider2251\"].once = false;window.revapi225 = undefined;if (window.RS_MODULES.checkMinimal!==undefined) window.RS_MODULES.checkMinimal()}\n\t\t\t\t<\/script>\n\t\t\t<\/rs-module-wrap>\n\t\t\t<!-- END REVOLUTION SLIDER -->\n<\/div><div class=\"fusion-separator fusion-full-width-sep\" style=\"align-self: center;margin-left: auto;margin-right: auto;margin-top:20px;margin-bottom:20px;width:100%;\"><\/div><\/div><\/div><\/div><\/div><div class=\"fusion-fullwidth fullwidth-box fusion-builder-row-2 fusion-flex-container nonhundred-percent-fullwidth non-hundred-percent-height-scrolling\" style=\"--awb-background-position:left top;--awb-border-sizes-top:0px;--awb-border-sizes-bottom:0px;--awb-border-sizes-left:0px;--awb-border-sizes-right:0px;--awb-border-radius-top-left:0px;--awb-border-radius-top-right:0px;--awb-border-radius-bottom-right:0px;--awb-border-radius-bottom-left:0px;--awb-padding-top:20px;--awb-padding-right:0px;--awb-padding-bottom:20px;--awb-padding-left:0px;--awb-flex-wrap:wrap;\" ><div class=\"fusion-builder-row fusion-row fusion-flex-align-items-flex-start fusion-flex-content-wrap\" style=\"max-width:1144px;margin-left: calc(-4% \/ 2 );margin-right: calc(-4% \/ 2 );\"><div class=\"fusion-layout-column fusion_builder_column fusion-builder-column-1 fusion_builder_column_1_1 1_1 fusion-flex-column fusion-flex-align-self-flex-start fusion-column-no-min-height\" style=\"--awb-bg-size:cover;--awb-width-large:100%;--awb-margin-top-large:0px;--awb-spacing-right-large:1.92%;--awb-margin-bottom-large:0px;--awb-spacing-left-large:1.92%;--awb-width-medium:100%;--awb-spacing-right-medium:1.92%;--awb-spacing-left-medium:1.92%;--awb-width-small:100%;--awb-spacing-right-small:1.92%;--awb-spacing-left-small:1.92%;\"><div class=\"fusion-column-wrapper fusion-flex-justify-content-flex-start fusion-content-layout-column\"><div class=\"fusion-text fusion-text-1\"><h2 style=\"text-align: center;\">Les experts canadiens en documents pour les affaires pharmaceutiques, m\u00e9dicales et r\u00e9glementaires<\/h2>\n<p id=\"tw-target-text\" class=\"tw-data-text tw-text-large tw-ta\" dir=\"ltr\" data-placeholder=\"Translation\"><span class=\"Y2IQFc\" lang=\"fr\">Dans le cadre du processus des affaires r\u00e9glementaires pour faire accepter un produit dans un autre pays, vous devrez faire authentifier et l\u00e9galiser certains documents. Le processus de validation de l'Authentification et de la L\u00e9galisation au Canada peut \u00e9galement \u00eatre appel\u00e9 Attestation ou Apostille dans d'autres pays mais est reconnu comme son \u00e9quivalent. Les pays qui utilisent l'apostille ont sign\u00e9 la Convention Apostille de La Haye ; Le Canada ne l'a pas fait.<\/span><\/p>\n<h3 id=\"tw-target-text\" class=\"tw-data-text tw-text-large tw-ta\" dir=\"ltr\" style=\"text-align: center;\" data-placeholder=\"Translation\"><span class=\"Y2IQFc\" lang=\"fr\">Exigences d'authentification des certificats pharmaceutiques et r\u00e9glementaires d'Affaires mondiales Canada<\/span><\/h3>\n<p id=\"tw-target-text\" class=\"tw-data-text tw-text-large tw-ta\" dir=\"ltr\" data-placeholder=\"Translation\"><span class=\"Y2IQFc\" lang=\"fr\">Selon le type de document, il peut d\u00e9j\u00e0 avoir la signature requise pour \u00eatre authentifi\u00e9 par<a href=\"https:\/\/www.international.gc.ca\/global-affairs-affaires-mondiales\/home-accueil.aspx?lang=fra\"> Affaires mondiales Canada<\/a>. Pour vous aider \u00e0 confirmer cela, n'h\u00e9sitez pas \u00e0 num\u00e9riser et \u00e0 envoyer votre document pour que nos experts l'examinent. S'ils ne r\u00e9pondent pas aux exigences, nos services de notaire pourront en faire une copie qui sera accept\u00e9e par Global Affairs et l'ambassade ou comme alternative pour conserver vos documents originaux dans un dossier pour une utilisation future.<\/span><\/p>\n<p id=\"tw-target-text\" class=\"tw-data-text tw-text-large tw-ta\" dir=\"ltr\" data-placeholder=\"Translation\"><span class=\"Y2IQFc\" lang=\"fr\">Il est \u00e9galement important de noter que le d\u00e9lai de traitement actuel pour l'authentification d'Affaires mondiales Canada est de 40 jours ouvrables. La cl\u00e9 est donc de commencer d\u00e8s que possible si vous avez un d\u00e9lai serr\u00e9. Gr\u00e2ce \u00e0 notre assistance experte, renforc\u00e9e par notre garantie de service d'authentification et de l\u00e9galisation, vous pouvez nous faire confiance pour rendre le processus rapide et facile pour vous.<\/span><\/p>\n<p id=\"tw-target-text\" class=\"tw-data-text tw-text-large tw-ta\" dir=\"ltr\" data-placeholder=\"Translation\"><span class=\"Y2IQFc\" lang=\"fr\">Les types courants de documents des Affaires pharmaceutiques et r\u00e9glementaires canadiennes qui n\u00e9cessitent une authentification et une l\u00e9galisation sont:<\/span><\/p>\n<ul>\n<li id=\"tw-target-text\" class=\"tw-data-text tw-text-large tw-ta\" dir=\"ltr\" data-placeholder=\"Translation\"><span class=\"Y2IQFc\" lang=\"fr\">\u2022 Certificat de produit pharmaceutique (certificat CPP) <\/span><\/li>\n<li class=\"tw-data-text tw-text-large tw-ta\" dir=\"ltr\" data-placeholder=\"Translation\"><span class=\"Y2IQFc\" lang=\"fr\">\u2022 Licence d'instrument m\u00e9dical de Sant\u00e9 Canada <\/span><\/li>\n<li class=\"tw-data-text tw-text-large tw-ta\" dir=\"ltr\" data-placeholder=\"Translation\"><span class=\"Y2IQFc\" lang=\"fr\">\u2022 Certificat d'instrument m\u00e9dical de Sant\u00e9 Canada <\/span><\/li>\n<li class=\"tw-data-text tw-text-large tw-ta\" dir=\"ltr\" data-placeholder=\"Translation\"><span class=\"Y2IQFc\" lang=\"fr\">\u2022 Certificat de conformit\u00e9 aux bonnes pratiques de fabrication (certificat GMP) <\/span><\/li>\n<li class=\"tw-data-text tw-text-large tw-ta\" dir=\"ltr\" data-placeholder=\"Translation\"><span class=\"Y2IQFc\" lang=\"fr\">\u2022 Certificat de commerce international (ITC) <\/span><\/li>\n<li class=\"tw-data-text tw-text-large tw-ta\" dir=\"ltr\" data-placeholder=\"Translation\"><span class=\"Y2IQFc\" lang=\"fr\">\u2022 Certificat de Vente Libre (CFS)<\/span><\/li>\n<\/ul>\n<p id=\"tw-target-text\" class=\"tw-data-text tw-text-large tw-ta\" dir=\"ltr\" data-placeholder=\"Translation\"><span class=\"Y2IQFc\" lang=\"fr\">Authentification L\u00e9galisation Services Canada est un sp\u00e9cialiste reconnu des documents d'affaires r\u00e9glementaires destin\u00e9s \u00e0 \u00eatre utilis\u00e9s \u00e0 l'ext\u00e9rieur du Canada. D\u00e9couvrez \u00e0 quel point nous pouvons vous faciliter la t\u00e2che!<\/span><\/p>\n<\/div><\/div><\/div><\/div><\/div><div class=\"fusion-fullwidth fullwidth-box fusion-builder-row-3 fusion-flex-container hundred-percent-fullwidth non-hundred-percent-height-scrolling\" style=\"--awb-border-radius-top-left:0px;--awb-border-radius-top-right:0px;--awb-border-radius-bottom-right:0px;--awb-border-radius-bottom-left:0px;--awb-overflow:visible;--awb-padding-right:20px;--awb-padding-left:20px;--awb-flex-wrap:wrap;\" ><div class=\"fusion-builder-row fusion-row fusion-flex-align-items-flex-start fusion-flex-content-wrap\" style=\"width:104% !important;max-width:104% !important;margin-left: calc(-4% \/ 2 );margin-right: calc(-4% \/ 2 );\"><div class=\"fusion-layout-column fusion_builder_column fusion-builder-column-2 fusion_builder_column_1_1 1_1 fusion-flex-column fusion-flex-align-self-flex-start fusion-column-no-min-height\" style=\"--awb-bg-size:cover;--awb-width-large:100%;--awb-margin-top-large:0px;--awb-spacing-right-large:1.92%;--awb-margin-bottom-large:0px;--awb-spacing-left-large:1.92%;--awb-width-medium:100%;--awb-spacing-right-medium:1.92%;--awb-spacing-left-medium:1.92%;--awb-width-small:100%;--awb-spacing-right-small:1.92%;--awb-spacing-left-small:1.92%;\"><div class=\"fusion-column-wrapper fusion-flex-justify-content-flex-start fusion-content-layout-column\">\n<div class=\"fusion-slider-revolution rev_slider_wrapper\">\t\t\t<!-- START FR Call Out REVOLUTION SLIDER 6.6.16 --><p class=\"rs-p-wp-fix\"><\/p>\n\t\t\t<rs-module-wrap id=\"getstarted_wrapper\" data-source=\"gallery\" style=\"visibility:hidden;background:#0095c7;padding:0;margin:0px auto;margin-top:0;margin-bottom:0;\">\n\t\t\t\t<rs-module id=\"getstarted\" style=\"\" data-version=\"6.6.16\">\n\t\t\t\t\t<rs-slides style=\"overflow: hidden; position: absolute;\">\n\t\t\t\t\t\t<rs-slide style=\"position: absolute;\" data-key=\"rs-312\" data-title=\"Slide\" data-anim=\"ms:600;\" data-in=\"o:0;\" data-out=\"a:false;\" class=\"nc-gradient\">\n\t\t\t\t\t\t\t<img decoding=\"async\" src=\"\/\/www.globaldocumentsolutions.com\/wp-content\/plugins\/revslider\/public\/assets\/assets\/dummy.png\" alt=\"Slide\" title=\"Authentification et l\u00e9galisation de documents sur les Pharmaceutiques et Affaires r\u00e9glementaires\" class=\"rev-slidebg tp-rs-img rs-lazyload\" data-lazyload=\"\/\/www.globaldocumentsolutions.com\/wp-content\/plugins\/revslider\/public\/assets\/assets\/transparent.png\" data-bg=\"c:#0095c7;\" data-no-retina>\n<!--\t\t\t\t\t\t--><rs-zone id=\"rrzt_312\" class=\"rev_row_zone_top\" style=\"z-index: 5;\"><!--\n\n\t\t\t\t\t\t\t\t--><rs-row\n\t\t\t\t\t\t\t\t\tid=\"slider-191-slide-312-layer-2\" \n\t\t\t\t\t\t\t\t\tdata-type=\"row\"\n\t\t\t\t\t\t\t\t\tdata-xy=\"xo:100px;yo:100px;\"\n\t\t\t\t\t\t\t\t\tdata-text=\"l:22;a:inherit;\"\n\t\t\t\t\t\t\t\t\tdata-rsp_o=\"off\"\n\t\t\t\t\t\t\t\t\tdata-rsp_bd=\"off\"\n\t\t\t\t\t\t\t\t\tdata-margin=\"t:150,250,150,150;b:150,300,150,150;\"\n\t\t\t\t\t\t\t\t\tdata-frame_1=\"sR:10;\"\n\t\t\t\t\t\t\t\t\tdata-frame_999=\"o:0;st:w;sR:8690;sA:9000;\"\n\t\t\t\t\t\t\t\t\tstyle=\"z-index:5;\"\n\t\t\t\t\t\t\t\t><!--\n\t\t\t\t\t\t\t\t\t--><rs-column\n\t\t\t\t\t\t\t\t\t\tid=\"slider-191-slide-312-layer-3\" \n\t\t\t\t\t\t\t\t\t\tdata-type=\"column\"\n\t\t\t\t\t\t\t\t\t\tdata-xy=\"xo:100px;yo:100px;\"\n\t\t\t\t\t\t\t\t\t\tdata-text=\"l:22;a:center;\"\n\t\t\t\t\t\t\t\t\t\tdata-rsp_o=\"off\"\n\t\t\t\t\t\t\t\t\t\tdata-rsp_bd=\"off\"\n\t\t\t\t\t\t\t\t\t\tdata-column=\"w:100%;\"\n\t\t\t\t\t\t\t\t\t\tdata-padding=\"r:40;l:40;\"\n\t\t\t\t\t\t\t\t\t\tdata-frame_999=\"o:0;st:w;sR:8990;sA:9000;\"\n\t\t\t\t\t\t\t\t\t\tstyle=\"z-index:6;width:100%;\"\n\t\t\t\t\t\t\t\t\t><!--\n\t\t\t\t\t\t\t\t\t\t--><rs-layer\n\t\t\t\t\t\t\t\t\t\t\tid=\"slider-191-slide-312-layer-6\" \n\t\t\t\t\t\t\t\t\t\t\tdata-type=\"text\"\n\t\t\t\t\t\t\t\t\t\t\tdata-color=\"rgba(255,255,255,1)\"\n\t\t\t\t\t\t\t\t\t\t\tdata-xy=\"x:l,l,c,c;xo:0,3px,3px,3px;y:t,t,m,m;yo:0,240px,240px,240px;\"\n\t\t\t\t\t\t\t\t\t\t\tdata-pos=\"r\"\n\t\t\t\t\t\t\t\t\t\t\tdata-text=\"w:normal;s:50,50,40,30;l:60,60,50,40;fw:500;a:center;\"\n\t\t\t\t\t\t\t\t\t\t\tdata-dim=\"w:100%,472px,100%,100%;\"\n\t\t\t\t\t\t\t\t\t\t\tdata-rsp_o=\"off\"\n\t\t\t\t\t\t\t\t\t\t\tdata-rsp_bd=\"off\"\n\t\t\t\t\t\t\t\t\t\t\tdata-disp=\"inline-block\"\n\t\t\t\t\t\t\t\t\t\t\tdata-margin=\"b:40,40,30,30;\"\n\t\t\t\t\t\t\t\t\t\t\tdata-frame_0=\"y:50px;blu:10px;\"\n\t\t\t\t\t\t\t\t\t\t\tdata-frame_1=\"e:power4.out;st:500;sp:1000;sR:490;\"\n\t\t\t\t\t\t\t\t\t\t\tdata-frame_999=\"o:0;e:nothing;st:w;sR:8990;\"\n\t\t\t\t\t\t\t\t\t\t\tstyle=\"z-index:7;font-family:'Poppins';display:inline-block;\"\n\t\t\t\t\t\t\t\t\t\t>Nous simplifions un processus compliqu\u00e9\n \n\t\t\t\t\t\t\t\t\t\t<\/rs-layer><!--\n\n\t\t\t\t\t\t\t\t\t\t--><rs-layer\n\t\t\t\t\t\t\t\t\t\t\tid=\"slider-191-slide-312-layer-9\" \n\t\t\t\t\t\t\t\t\t\t\tdata-type=\"text\"\n\t\t\t\t\t\t\t\t\t\t\tdata-color=\"rgba(255,255,255,0.75)\"\n\t\t\t\t\t\t\t\t\t\t\tdata-xy=\"\"\n\t\t\t\t\t\t\t\t\t\t\tdata-pos=\"r\"\n\t\t\t\t\t\t\t\t\t\t\tdata-text=\"w:normal;s:17;l:30;a:center;\"\n\t\t\t\t\t\t\t\t\t\t\tdata-dim=\"w:100%;\"\n\t\t\t\t\t\t\t\t\t\t\tdata-rsp_o=\"off\"\n\t\t\t\t\t\t\t\t\t\t\tdata-rsp_bd=\"off\"\n\t\t\t\t\t\t\t\t\t\t\tdata-disp=\"inline-block\"\n\t\t\t\t\t\t\t\t\t\t\tdata-margin=\"b:40;\"\n\t\t\t\t\t\t\t\t\t\t\tdata-frame_0=\"y:50px;blu:10px;\"\n\t\t\t\t\t\t\t\t\t\t\tdata-frame_1=\"e:power4.out;st:700;sp:1000;sR:690;\"\n\t\t\t\t\t\t\t\t\t\t\tdata-frame_999=\"o:0;st:w;sR:8990;\"\n\t\t\t\t\t\t\t\t\t\t\tstyle=\"z-index:8;font-family:'Poppins';display:inline-block;\"\n\t\t\t\t\t\t\t\t\t\t>Il y a des tonnes d'avantages et de raisons d'utiliser nos services, de l'assistance d'experts au suivi jusqu'\u00e0 la minute.\n \n\t\t\t\t\t\t\t\t\t\t<\/rs-layer><!--\n\n\t\t\t\t\t\t\t\t\t\t--><a\n\t\t\t\t\t\t\t\t\t\t\tid=\"slider-191-slide-312-layer-16\" \n\t\t\t\t\t\t\t\t\t\t\tclass=\"rs-layer rev-btn\"\n\t\t\t\t\t\t\t\t\t\t\thref=\"https:\/\/www.globaldocumentsolutions.com\/fr\/demandez-un-devis\/\" target=\"_blank\" rel=\"noopener\"\n\t\t\t\t\t\t\t\t\t\t\tdata-type=\"button\"\n\t\t\t\t\t\t\t\t\t\t\tdata-color=\"rgba(255,255,255,1)\"\n\t\t\t\t\t\t\t\t\t\t\tdata-xy=\"\"\n\t\t\t\t\t\t\t\t\t\t\tdata-pos=\"r\"\n\t\t\t\t\t\t\t\t\t\t\tdata-text=\"s:19;l:48;fw:500;a:inherit;\"\n\t\t\t\t\t\t\t\t\t\t\tdata-rsp_o=\"off\"\n\t\t\t\t\t\t\t\t\t\t\tdata-rsp_bd=\"off\"\n\t\t\t\t\t\t\t\t\t\t\tdata-disp=\"inline-block\"\n\t\t\t\t\t\t\t\t\t\t\tdata-padding=\"r:35;l:35;\"\n\t\t\t\t\t\t\t\t\t\t\tdata-border=\"bos:solid;boc:rgba(255,255,255,1);bow:2px,2px,2px,2px;bor:30px,30px,30px,30px;\"\n\t\t\t\t\t\t\t\t\t\t\tdata-frame_0=\"y:50px;blu:10px;\"\n\t\t\t\t\t\t\t\t\t\t\tdata-frame_1=\"e:power4.out;st:900;sp:1000;sR:890;\"\n\t\t\t\t\t\t\t\t\t\t\tdata-frame_999=\"o:0;st:w;sR:8990;\"\n\t\t\t\t\t\t\t\t\t\t\tdata-frame_hover=\"bgc:#d0c184;boc:#d0c184;bor:30px,30px,30px,30px;bos:solid;bow:2px,2px,2px,2px;oX:50;oY:50;sp:200;e:none;\"\n\t\t\t\t\t\t\t\t\t\t\tstyle=\"z-index:9;font-family:'Poppins';cursor:pointer;display:inline-block;outline:none;box-shadow:none;box-sizing:border-box;-moz-box-sizing:border-box;-webkit-box-sizing:border-box;\"\n\t\t\t\t\t\t\t\t\t\t>Obtenez un devis personnalis\u00e9\n \n\t\t\t\t\t\t\t\t\t\t<\/a><!--\n\t\t\t\t\t\t\t\t\t--><\/rs-column><!--\n\t\t\t\t\t\t\t\t--><\/rs-row><!--\n\t\t\t\t\t\t\t--><\/rs-zone><!--\n-->\t\t\t\t\t\t<\/rs-slide>\n\t\t\t\t\t<\/rs-slides>\n\t\t\t\t<\/rs-module>\n\t\t\t\t<script>\n\t\t\t\t\tsetREVStartSize({c: 'getstarted',rl:[1240,1024,778,480],el:[522,500,400,400],gw:[1240,1024,778,480],gh:[500,500,400,400],type:'hero',justify:'',layout:'fullwidth',mh:\"0\"});if (window.RS_MODULES!==undefined && window.RS_MODULES.modules!==undefined && window.RS_MODULES.modules[\"getstarted\"]!==undefined) {window.RS_MODULES.modules[\"getstarted\"].once = false;window.revapi191 = undefined;if (window.RS_MODULES.checkMinimal!==undefined) window.RS_MODULES.checkMinimal()}\n\t\t\t\t<\/script>\n\t\t\t<\/rs-module-wrap>\n\t\t\t<!-- END REVOLUTION SLIDER -->\n<\/div><\/div><\/div><\/div><\/div><\/p>\n","protected":false},"excerpt":{"rendered":"","protected":false},"author":20,"featured_media":0,"parent":0,"menu_order":0,"comment_status":"open","ping_status":"closed","template":"","meta":{"om_disable_all_campaigns":false,"_monsterinsights_skip_tracking":false,"_monsterinsights_sitenote_active":false,"_monsterinsights_sitenote_note":"","_monsterinsights_sitenote_category":0,"footnotes":""},"class_list":["post-12095","page","type-page","status-publish","hentry"],"aioseo_notices":[],"_links":{"self":[{"href":"https:\/\/www.globaldocumentsolutions.com\/fr\/wp-json\/wp\/v2\/pages\/12095","targetHints":{"allow":["GET"]}}],"collection":[{"href":"https:\/\/www.globaldocumentsolutions.com\/fr\/wp-json\/wp\/v2\/pages"}],"about":[{"href":"https:\/\/www.globaldocumentsolutions.com\/fr\/wp-json\/wp\/v2\/types\/page"}],"author":[{"embeddable":true,"href":"https:\/\/www.globaldocumentsolutions.com\/fr\/wp-json\/wp\/v2\/users\/20"}],"replies":[{"embeddable":true,"href":"https:\/\/www.globaldocumentsolutions.com\/fr\/wp-json\/wp\/v2\/comments?post=12095"}],"version-history":[{"count":0,"href":"https:\/\/www.globaldocumentsolutions.com\/fr\/wp-json\/wp\/v2\/pages\/12095\/revisions"}],"wp:attachment":[{"href":"https:\/\/www.globaldocumentsolutions.com\/fr\/wp-json\/wp\/v2\/media?parent=12095"}],"curies":[{"name":"wp","href":"https:\/\/api.w.org\/{rel}","templated":true}]}}