{"id":12696,"date":"2025-03-21T14:45:33","date_gmt":"2025-03-21T18:45:33","guid":{"rendered":"http:\/\/als-04.eproofs.ca\/fr\/?page_id=12696"},"modified":"2025-03-21T14:45:33","modified_gmt":"2025-03-21T18:45:33","slug":"contactez-nous","status":"publish","type":"page","link":"https:\/\/www.globaldocumentsolutions.com\/fr\/contactez-nous\/","title":{"rendered":"Contactez-nous"},"content":{"rendered":"<div class=\"fusion-fullwidth fullwidth-box fusion-builder-row-1 fusion-flex-container nonhundred-percent-fullwidth non-hundred-percent-height-scrolling\" style=\"--awb-background-position:left top;--awb-border-sizes-top:0px;--awb-border-sizes-bottom:0px;--awb-border-sizes-left:0px;--awb-border-sizes-right:0px;--awb-border-radius-top-left:0px;--awb-border-radius-top-right:0px;--awb-border-radius-bottom-right:0px;--awb-border-radius-bottom-left:0px;--awb-padding-top:20px;--awb-padding-right:0px;--awb-padding-bottom:20px;--awb-padding-left:0px;--awb-flex-wrap:wrap;\" ><div class=\"fusion-builder-row fusion-row fusion-flex-align-items-flex-start fusion-flex-content-wrap\" style=\"max-width:1144px;margin-left: calc(-4% \/ 2 );margin-right: calc(-4% \/ 2 );\"><div class=\"fusion-layout-column fusion_builder_column fusion-builder-column-0 fusion_builder_column_1_1 1_1 fusion-flex-column\" style=\"--awb-bg-size:cover;--awb-width-large:100%;--awb-margin-top-large:0px;--awb-spacing-right-large:1.92%;--awb-margin-bottom-large:20px;--awb-spacing-left-large:1.92%;--awb-width-medium:100%;--awb-spacing-right-medium:1.92%;--awb-spacing-left-medium:1.92%;--awb-width-small:100%;--awb-spacing-right-small:1.92%;--awb-spacing-left-small:1.92%;\"><div class=\"fusion-column-wrapper fusion-flex-justify-content-flex-start fusion-content-layout-column\"><div class=\"fusion-text fusion-text-1\"><h2><img decoding=\"async\" class=\"aligncenter size-full wp-image-49510\" src=\"https:\/\/www.globaldocumentsolutions.com\/wp-content\/uploads\/2024\/01\/Global-Document-Solutions-Office-Pic-2.webp\" alt=\"Global Document Solutions Apostille Canada Office\" width=\"1024\" height=\"1024\" srcset=\"https:\/\/www.globaldocumentsolutions.com\/wp-content\/uploads\/2024\/01\/Global-Document-Solutions-Office-Pic-2-66x66.webp 66w, https:\/\/www.globaldocumentsolutions.com\/wp-content\/uploads\/2024\/01\/Global-Document-Solutions-Office-Pic-2-150x150.webp 150w, https:\/\/www.globaldocumentsolutions.com\/wp-content\/uploads\/2024\/01\/Global-Document-Solutions-Office-Pic-2-200x200.webp 200w, https:\/\/www.globaldocumentsolutions.com\/wp-content\/uploads\/2024\/01\/Global-Document-Solutions-Office-Pic-2-300x300.webp 300w, https:\/\/www.globaldocumentsolutions.com\/wp-content\/uploads\/2024\/01\/Global-Document-Solutions-Office-Pic-2-400x400.webp 400w, https:\/\/www.globaldocumentsolutions.com\/wp-content\/uploads\/2024\/01\/Global-Document-Solutions-Office-Pic-2-600x600.webp 600w, https:\/\/www.globaldocumentsolutions.com\/wp-content\/uploads\/2024\/01\/Global-Document-Solutions-Office-Pic-2-768x768.webp 768w, https:\/\/www.globaldocumentsolutions.com\/wp-content\/uploads\/2024\/01\/Global-Document-Solutions-Office-Pic-2-800x800.webp 800w, https:\/\/www.globaldocumentsolutions.com\/wp-content\/uploads\/2024\/01\/Global-Document-Solutions-Office-Pic-2.webp 1024w\" sizes=\"(max-width: 1024px) 100vw, 1024px\" \/><\/h2>\n<h3 style=\"text-align: center;\">Assistance experte de 9h00 \u00e0 17h00 HNE du lundi au vendredi, appelez le 1-800-336-1132<\/h3>\n<p>Chez Global Document Solutions, anciennement Authentication Legalization Services Canada (ALSC), nous sommes les experts dans la simplification du processus d'utilisation des documents officiels \u00e0 l'\u00e9tranger. Nous sommes devenus le guichet unique au Canada pour tout ce qui concerne les services d'apostille, d'authentification et de l\u00e9galisation !<\/p>\n<p>Notre r\u00e9seau de centres de service pratiques situ\u00e9s partout au Canada, notamment \u00e0 Victoria, Vancouver, Surrey, Calgary, Edmonton, Regina, Winnipeg, Toronto, North York, Mississauga, Ottawa, Montr\u00e9al et Halifax, vous offre une exp\u00e9dition FedEx gratuite de nuit. Et, pour rendre les choses encore plus faciles, <a href=\"https:\/\/www.globaldocumentsolutions.com\/fr\/demandez-un-devis-de-service-alsc\/\">vous pouvez obtenir un devis personnalis\u00e9 \u00e0 toute heure du jour ou de la nuit<\/a> et nous vous r\u00e9pondrons par e-mail pendant les heures de bureau.<\/p>\n<p>Que vous soyez au Canada ou \u00e0 l'\u00e9tranger, vous pouvez faire confiance \u00e0 Global Document Solutions pour r\u00e9pondre facilement \u00e0 tous vos besoins en mati\u00e8re de documents. Contactez-nous d\u00e8s aujourd'hui pour parler avec l'un de nos sympathiques experts et faites le premier pas vers l'utilisation de vos documents canadiens \u00e0 l'\u00e9chelle internationale en toute confiance.<\/p>\n<h3 style=\"text-align: center;\"><\/h3>\n<\/div><\/div><\/div><\/div><\/div>\n","protected":false},"excerpt":{"rendered":"","protected":false},"author":20,"featured_media":0,"parent":0,"menu_order":5000,"comment_status":"open","ping_status":"closed","template":"","meta":{"om_disable_all_campaigns":false,"_monsterinsights_skip_tracking":false,"_monsterinsights_sitenote_active":false,"_monsterinsights_sitenote_note":"","_monsterinsights_sitenote_category":0,"footnotes":""},"class_list":["post-12696","page","type-page","status-publish","hentry"],"aioseo_notices":[],"_links":{"self":[{"href":"https:\/\/www.globaldocumentsolutions.com\/fr\/wp-json\/wp\/v2\/pages\/12696","targetHints":{"allow":["GET"]}}],"collection":[{"href":"https:\/\/www.globaldocumentsolutions.com\/fr\/wp-json\/wp\/v2\/pages"}],"about":[{"href":"https:\/\/www.globaldocumentsolutions.com\/fr\/wp-json\/wp\/v2\/types\/page"}],"author":[{"embeddable":true,"href":"https:\/\/www.globaldocumentsolutions.com\/fr\/wp-json\/wp\/v2\/users\/20"}],"replies":[{"embeddable":true,"href":"https:\/\/www.globaldocumentsolutions.com\/fr\/wp-json\/wp\/v2\/comments?post=12696"}],"version-history":[{"count":0,"href":"https:\/\/www.globaldocumentsolutions.com\/fr\/wp-json\/wp\/v2\/pages\/12696\/revisions"}],"wp:attachment":[{"href":"https:\/\/www.globaldocumentsolutions.com\/fr\/wp-json\/wp\/v2\/media?parent=12696"}],"curies":[{"name":"wp","href":"https:\/\/api.w.org\/{rel}","templated":true}]}}