{"id":60638,"date":"2024-08-15T13:23:36","date_gmt":"2024-08-15T17:23:36","guid":{"rendered":"https:\/\/www.www.globaldocumentsolutions.com\/?page_id=60638"},"modified":"2024-08-15T13:29:25","modified_gmt":"2024-08-15T17:29:25","slug":"services-dapostille-du-quebec","status":"publish","type":"page","link":"https:\/\/www.globaldocumentsolutions.com\/fr\/services-dapostille-du-quebec\/","title":{"rendered":"Services d&rsquo;apostille du Qu\u00e9bec"},"content":{"rendered":"<div class=\"fusion-fullwidth fullwidth-box fusion-builder-row-1 fusion-flex-container has-pattern-background has-mask-background nonhundred-percent-fullwidth non-hundred-percent-height-scrolling\" style=\"--awb-border-radius-top-left:0px;--awb-border-radius-top-right:0px;--awb-border-radius-bottom-right:0px;--awb-border-radius-bottom-left:0px;--awb-flex-wrap:wrap;\" ><div class=\"fusion-builder-row fusion-row fusion-flex-align-items-flex-start fusion-flex-content-wrap\" style=\"max-width:1144px;margin-left: calc(-4% \/ 2 );margin-right: calc(-4% \/ 2 );\"><div class=\"fusion-layout-column fusion_builder_column fusion-builder-column-0 fusion_builder_column_1_1 1_1 fusion-flex-column\" style=\"--awb-bg-size:cover;--awb-width-large:100%;--awb-margin-top-large:0px;--awb-spacing-right-large:1.92%;--awb-margin-bottom-large:20px;--awb-spacing-left-large:1.92%;--awb-width-medium:100%;--awb-order-medium:0;--awb-spacing-right-medium:1.92%;--awb-spacing-left-medium:1.92%;--awb-width-small:100%;--awb-order-small:0;--awb-spacing-right-small:1.92%;--awb-spacing-left-small:1.92%;\"><div class=\"fusion-column-wrapper fusion-column-has-shadow fusion-flex-justify-content-flex-start fusion-content-layout-column\"><div class=\"fusion-text fusion-text-1\"><h2><img decoding=\"async\" class=\"aligncenter wp-image-60585\" src=\"https:\/\/www.globaldocumentsolutions.com\/wp-content\/uploads\/2024\/08\/DALL\u00b7E-2024-08-15-11.29.48-A-visually-appealing-image-representing-the-Quebec-Apostille-process.-The-image-should-include-a-symbolic-Quebec-flag-a-certified-document-with-a-cle.webp\" alt=\"Quebec Apostille Service\" width=\"900\" height=\"900\" srcset=\"https:\/\/www.globaldocumentsolutions.com\/wp-content\/uploads\/2024\/08\/DALL\u00b7E-2024-08-15-11.29.48-A-visually-appealing-image-representing-the-Quebec-Apostille-process.-The-image-should-include-a-symbolic-Quebec-flag-a-certified-document-with-a-cle-66x66.webp 66w, https:\/\/www.globaldocumentsolutions.com\/wp-content\/uploads\/2024\/08\/DALL\u00b7E-2024-08-15-11.29.48-A-visually-appealing-image-representing-the-Quebec-Apostille-process.-The-image-should-include-a-symbolic-Quebec-flag-a-certified-document-with-a-cle-150x150.webp 150w, https:\/\/www.globaldocumentsolutions.com\/wp-content\/uploads\/2024\/08\/DALL\u00b7E-2024-08-15-11.29.48-A-visually-appealing-image-representing-the-Quebec-Apostille-process.-The-image-should-include-a-symbolic-Quebec-flag-a-certified-document-with-a-cle-200x200.webp 200w, https:\/\/www.globaldocumentsolutions.com\/wp-content\/uploads\/2024\/08\/DALL\u00b7E-2024-08-15-11.29.48-A-visually-appealing-image-representing-the-Quebec-Apostille-process.-The-image-should-include-a-symbolic-Quebec-flag-a-certified-document-with-a-cle-300x300.webp 300w, https:\/\/www.globaldocumentsolutions.com\/wp-content\/uploads\/2024\/08\/DALL\u00b7E-2024-08-15-11.29.48-A-visually-appealing-image-representing-the-Quebec-Apostille-process.-The-image-should-include-a-symbolic-Quebec-flag-a-certified-document-with-a-cle-400x400.webp 400w, https:\/\/www.globaldocumentsolutions.com\/wp-content\/uploads\/2024\/08\/DALL\u00b7E-2024-08-15-11.29.48-A-visually-appealing-image-representing-the-Quebec-Apostille-process.-The-image-should-include-a-symbolic-Quebec-flag-a-certified-document-with-a-cle-600x600.webp 600w, https:\/\/www.globaldocumentsolutions.com\/wp-content\/uploads\/2024\/08\/DALL\u00b7E-2024-08-15-11.29.48-A-visually-appealing-image-representing-the-Quebec-Apostille-process.-The-image-should-include-a-symbolic-Quebec-flag-a-certified-document-with-a-cle-768x768.webp 768w, https:\/\/www.globaldocumentsolutions.com\/wp-content\/uploads\/2024\/08\/DALL\u00b7E-2024-08-15-11.29.48-A-visually-appealing-image-representing-the-Quebec-Apostille-process.-The-image-should-include-a-symbolic-Quebec-flag-a-certified-document-with-a-cle-800x800.webp 800w, https:\/\/www.globaldocumentsolutions.com\/wp-content\/uploads\/2024\/08\/DALL\u00b7E-2024-08-15-11.29.48-A-visually-appealing-image-representing-the-Quebec-Apostille-process.-The-image-should-include-a-symbolic-Quebec-flag-a-certified-document-with-a-cle.webp 1024w\" sizes=\"(max-width: 900px) 100vw, 900px\" \/><\/h2>\n<h2 style=\"text-align: center;\">Services d'apostille du Qu\u00e9bec\u00a0: simplifier la l\u00e9galisation des documents pour une utilisation mondiale<\/h2>\n<p style=\"text-align: left;\">Avec la r\u00e9cente adh\u00e9sion du Canada \u00e0 la Convention Apostille de La Haye, le processus d\u2019authentification des documents \u00e0 usage international est devenu beaucoup plus simple. Cela est particuli\u00e8rement pertinent pour le Qu\u00e9bec, o\u00f9 le minist\u00e8re de la Justice, par l'interm\u00e9diaire de la Direction g\u00e9n\u00e9rale des registres et de la certification, est d\u00e9sormais l'autorit\u00e9 d\u00e9sign\u00e9e pour \u00e9mettre des Apostilles sur les documents originaires de la province. Ce changement r\u00e9duit les obstacles bureaucratiques et acc\u00e9l\u00e8re le processus de l\u00e9galisation, permettant ainsi aux particuliers et aux entreprises de garantir que leurs documents sont reconnus au niveau international.<\/p>\n<h3 style=\"text-align: center;\">Qu'est-ce qu'une Apostille et pourquoi est-elle importante ?<\/h3>\n<p>Une Apostille est un certificat sp\u00e9cialis\u00e9 qui v\u00e9rifie l'authenticit\u00e9 des documents publics, tels que les actes de naissance ou les contrats commerciaux, afin qu'ils soient reconnus dans les pays <a href=\"https:\/\/www.hcch.net\/en\/states\/hcch-members\">signataires de la Convention de La Haye<\/a>. Pour ceux qui s'occupent de questions internationales, qu'il s'agisse d'\u00e9ducation, d'affaires ou d'affaires personnelles, l'obtention d'une Apostille est souvent une \u00e9tape cruciale pour garantir que vos documents \u00e9mis au Qu\u00e9bec sont accept\u00e9s \u00e0 l'\u00e9tranger sans autre l\u00e9galisation.<\/p>\n<h3 style=\"text-align: center;\">Le r\u00f4le du Qu\u00e9bec dans le processus d'apostille<\/h3>\n<p>Le Qu\u00e9bec est unique dans son cadre juridique et administratif, et cette particularit\u00e9 s'\u00e9tend au processus d'Apostille. La Direction g\u00e9n\u00e9rale des registres et de la certification du minist\u00e8re de la Justice du Qu\u00e9bec est charg\u00e9e de v\u00e9rifier et de certifier l'authenticit\u00e9 d'un large \u00e9ventail de documents. Qu'il s'agisse d'authentifier des dipl\u00f4mes d'\u00e9tudes, des d\u00e9cisions de justice ou des accords commerciaux, le processus est d\u00e9sormais plus efficace gr\u00e2ce \u00e0 la Convention Apostille.<\/p>\n<h3 style=\"text-align: center;\">Types de documents du Qu\u00e9bec pouvant n\u00e9cessiter une apostille<\/h3>\n<p>Diff\u00e9rents types de documents \u00e9mis au Qu\u00e9bec peuvent n\u00e9cessiter une Apostille pour une reconnaissance internationale, notamment :<\/p>\n<ul>\n<li><strong>Documents p\u00e9dagogiques :<\/strong> Dipl\u00f4mes, relev\u00e9s de notes et certificats des \u00e9tablissements d'enseignement du Qu\u00e9bec<\/li>\n<li><strong>Documents juridiques\u00a0:<\/strong> <a href=\"https:\/\/www.globaldocumentsolutions.com\/divorce-certificate-apostille-authentication-legalization-attestation\/\">certificat de divorce,<\/a> d\u00e9cisions de justice, affidavits et accords notari\u00e9s.<\/li>\n<li><strong>Documents d'entreprise\u00a0:<\/strong> statuts, contrats commerciaux et autres accords commerciaux.<\/li>\n<li><strong>Documents personnels\u00a0:<\/strong> actes de naissance, actes de mariage et actes de d\u00e9c\u00e8s.<\/li>\n<\/ul>\n<h3 style=\"text-align: center;\">Pourquoi vous pourriez avoir besoin d'une apostille<\/h3>\n<p style=\"text-align: left;\">Il existe plusieurs sc\u00e9narios dans lesquels vous pourriez avoir besoin d'une Apostille pour les documents \u00e9mis au Qu\u00e9bec :<\/p>\n<ul>\n<li><strong>Opportunit\u00e9s \u00e9ducatives et professionnelles\u00a0:<\/strong> Si vous envisagez d'\u00e9tudier ou de travailler \u00e0 l'\u00e9tranger, vos dipl\u00f4mes universitaires ou certifications professionnelles du Qu\u00e9bec devront peut-\u00eatre \u00eatre valid\u00e9s par une Apostille.<\/li>\n<li><strong>Transactions commerciales :<\/strong> Les entreprises qu\u00e9b\u00e9coises engag\u00e9es dans des affaires internationales ont souvent besoin de documents authentifi\u00e9s pour faciliter les contrats et les accords \u00e0 l'\u00e9tranger.<\/li>\n<li><strong>Affaires personnelles :<\/strong> Pour les mariages, les adoptions ou les successions impliquant des pays \u00e9trangers, une Apostille garantit que vos documents personnels sont l\u00e9galement reconnus \u00e0 l'\u00e9tranger.<\/li>\n<\/ul>\n<h3 style=\"text-align: center;\">Pourquoi choisir les solutions globales de documents ?<\/h3>\n<p>Global Document Solutions, avec plus de 30 ans d'exp\u00e9rience dans la certification de documents et un centre de service \u00e0 Montr\u00e9al, est votre partenaire de confiance pour naviguer dans le processus d'Apostille. Nos services sont con\u00e7us pour r\u00e9pondre aux besoins sp\u00e9cifiques de chaque client, que vous soyez un particulier ou une entreprise. Nous proposons :<\/p>\n<ul>\n<li><strong>Conseils d'experts\u00a0:<\/strong> nous fournissons des conseils complets sur les documents qui n\u00e9cessitent une apostille et sur les pays sp\u00e9cifiques qui en ont besoin.<\/li>\n<li><strong>Traitement transparent\u00a0:<\/strong> notre \u00e9quipe g\u00e8re l'ensemble du processus d'Apostille, de la collecte des documents \u00e0 la livraison, garantissant une exp\u00e9rience sans tracas.<\/li>\n<li><strong>Solutions sur mesure\u00a0:<\/strong> Nous personnalisons nos services en fonction de vos besoins uniques, garantissant que vos documents sont pr\u00eats pour une utilisation internationale dans un d\u00e9lai minimal.<\/li>\n<\/ul>\n<h2 style=\"text-align: center;\">Conclusion\u00a0: faites confiance \u00e0 Global Document Solutions<\/h2>\n<p>Alors que le Canada adh\u00e8re \u00e0 la Convention Apostille de La Haye, et que le Qu\u00e9bec joue un r\u00f4le central, il est crucial d'avoir un partenaire fiable pour vous guider tout au long du processus d'Apostille. Global Document Solutions se distingue comme un leader dans la fourniture de services d'Apostille efficaces, experts et personnalis\u00e9s. Laissez-nous vous aider \u00e0 garantir que vos documents \u00e9mis au Qu\u00e9bec soient reconnus et accept\u00e9s dans le monde entier, avec le professionnalisme et le soin que vous m\u00e9ritez.<\/p>\n<\/div>\n<div class=\"fusion-slider-revolution rev_slider_wrapper\">\t\t\t<!-- START FR Call Out REVOLUTION SLIDER 6.6.16 --><p class=\"rs-p-wp-fix\"><\/p>\n\t\t\t<rs-module-wrap id=\"getstarted_wrapper\" data-source=\"gallery\" style=\"visibility:hidden;background:#0095c7;padding:0;margin:0px auto;margin-top:0;margin-bottom:0;\">\n\t\t\t\t<rs-module id=\"getstarted\" style=\"\" data-version=\"6.6.16\">\n\t\t\t\t\t<rs-slides style=\"overflow: hidden; position: absolute;\">\n\t\t\t\t\t\t<rs-slide style=\"position: absolute;\" data-key=\"rs-312\" data-title=\"Slide\" data-anim=\"ms:600;\" data-in=\"o:0;\" data-out=\"a:false;\" class=\"nc-gradient\">\n\t\t\t\t\t\t\t<img decoding=\"async\" src=\"\/\/www.globaldocumentsolutions.com\/wp-content\/plugins\/revslider\/public\/assets\/assets\/dummy.png\" alt=\"Slide\" title=\"Services d&rsquo;apostille du Qu\u00e9bec\" class=\"rev-slidebg tp-rs-img rs-lazyload\" data-lazyload=\"\/\/www.globaldocumentsolutions.com\/wp-content\/plugins\/revslider\/public\/assets\/assets\/transparent.png\" data-bg=\"c:#0095c7;\" data-no-retina>\n<!--\t\t\t\t\t\t--><rs-zone id=\"rrzt_312\" class=\"rev_row_zone_top\" style=\"z-index: 5;\"><!--\n\n\t\t\t\t\t\t\t\t--><rs-row\n\t\t\t\t\t\t\t\t\tid=\"slider-191-slide-312-layer-2\" \n\t\t\t\t\t\t\t\t\tdata-type=\"row\"\n\t\t\t\t\t\t\t\t\tdata-xy=\"xo:100px;yo:100px;\"\n\t\t\t\t\t\t\t\t\tdata-text=\"l:22;a:inherit;\"\n\t\t\t\t\t\t\t\t\tdata-rsp_o=\"off\"\n\t\t\t\t\t\t\t\t\tdata-rsp_bd=\"off\"\n\t\t\t\t\t\t\t\t\tdata-margin=\"t:150,250,150,150;b:150,300,150,150;\"\n\t\t\t\t\t\t\t\t\tdata-frame_1=\"sR:10;\"\n\t\t\t\t\t\t\t\t\tdata-frame_999=\"o:0;st:w;sR:8690;sA:9000;\"\n\t\t\t\t\t\t\t\t\tstyle=\"z-index:5;\"\n\t\t\t\t\t\t\t\t><!--\n\t\t\t\t\t\t\t\t\t--><rs-column\n\t\t\t\t\t\t\t\t\t\tid=\"slider-191-slide-312-layer-3\" \n\t\t\t\t\t\t\t\t\t\tdata-type=\"column\"\n\t\t\t\t\t\t\t\t\t\tdata-xy=\"xo:100px;yo:100px;\"\n\t\t\t\t\t\t\t\t\t\tdata-text=\"l:22;a:center;\"\n\t\t\t\t\t\t\t\t\t\tdata-rsp_o=\"off\"\n\t\t\t\t\t\t\t\t\t\tdata-rsp_bd=\"off\"\n\t\t\t\t\t\t\t\t\t\tdata-column=\"w:100%;\"\n\t\t\t\t\t\t\t\t\t\tdata-padding=\"r:40;l:40;\"\n\t\t\t\t\t\t\t\t\t\tdata-frame_999=\"o:0;st:w;sR:8990;sA:9000;\"\n\t\t\t\t\t\t\t\t\t\tstyle=\"z-index:6;width:100%;\"\n\t\t\t\t\t\t\t\t\t><!--\n\t\t\t\t\t\t\t\t\t\t--><rs-layer\n\t\t\t\t\t\t\t\t\t\t\tid=\"slider-191-slide-312-layer-6\" \n\t\t\t\t\t\t\t\t\t\t\tdata-type=\"text\"\n\t\t\t\t\t\t\t\t\t\t\tdata-color=\"rgba(255,255,255,1)\"\n\t\t\t\t\t\t\t\t\t\t\tdata-xy=\"x:l,l,c,c;xo:0,3px,3px,3px;y:t,t,m,m;yo:0,240px,240px,240px;\"\n\t\t\t\t\t\t\t\t\t\t\tdata-pos=\"r\"\n\t\t\t\t\t\t\t\t\t\t\tdata-text=\"w:normal;s:50,50,40,30;l:60,60,50,40;fw:500;a:center;\"\n\t\t\t\t\t\t\t\t\t\t\tdata-dim=\"w:100%,472px,100%,100%;\"\n\t\t\t\t\t\t\t\t\t\t\tdata-rsp_o=\"off\"\n\t\t\t\t\t\t\t\t\t\t\tdata-rsp_bd=\"off\"\n\t\t\t\t\t\t\t\t\t\t\tdata-disp=\"inline-block\"\n\t\t\t\t\t\t\t\t\t\t\tdata-margin=\"b:40,40,30,30;\"\n\t\t\t\t\t\t\t\t\t\t\tdata-frame_0=\"y:50px;blu:10px;\"\n\t\t\t\t\t\t\t\t\t\t\tdata-frame_1=\"e:power4.out;st:500;sp:1000;sR:490;\"\n\t\t\t\t\t\t\t\t\t\t\tdata-frame_999=\"o:0;e:nothing;st:w;sR:8990;\"\n\t\t\t\t\t\t\t\t\t\t\tstyle=\"z-index:7;font-family:'Poppins';display:inline-block;\"\n\t\t\t\t\t\t\t\t\t\t>Nous simplifions un processus compliqu\u00e9\n \n\t\t\t\t\t\t\t\t\t\t<\/rs-layer><!--\n\n\t\t\t\t\t\t\t\t\t\t--><rs-layer\n\t\t\t\t\t\t\t\t\t\t\tid=\"slider-191-slide-312-layer-9\" \n\t\t\t\t\t\t\t\t\t\t\tdata-type=\"text\"\n\t\t\t\t\t\t\t\t\t\t\tdata-color=\"rgba(255,255,255,0.75)\"\n\t\t\t\t\t\t\t\t\t\t\tdata-xy=\"\"\n\t\t\t\t\t\t\t\t\t\t\tdata-pos=\"r\"\n\t\t\t\t\t\t\t\t\t\t\tdata-text=\"w:normal;s:17;l:30;a:center;\"\n\t\t\t\t\t\t\t\t\t\t\tdata-dim=\"w:100%;\"\n\t\t\t\t\t\t\t\t\t\t\tdata-rsp_o=\"off\"\n\t\t\t\t\t\t\t\t\t\t\tdata-rsp_bd=\"off\"\n\t\t\t\t\t\t\t\t\t\t\tdata-disp=\"inline-block\"\n\t\t\t\t\t\t\t\t\t\t\tdata-margin=\"b:40;\"\n\t\t\t\t\t\t\t\t\t\t\tdata-frame_0=\"y:50px;blu:10px;\"\n\t\t\t\t\t\t\t\t\t\t\tdata-frame_1=\"e:power4.out;st:700;sp:1000;sR:690;\"\n\t\t\t\t\t\t\t\t\t\t\tdata-frame_999=\"o:0;st:w;sR:8990;\"\n\t\t\t\t\t\t\t\t\t\t\tstyle=\"z-index:8;font-family:'Poppins';display:inline-block;\"\n\t\t\t\t\t\t\t\t\t\t>Il y a des tonnes d'avantages et de raisons d'utiliser nos services, de l'assistance d'experts au suivi jusqu'\u00e0 la minute.\n \n\t\t\t\t\t\t\t\t\t\t<\/rs-layer><!--\n\n\t\t\t\t\t\t\t\t\t\t--><a\n\t\t\t\t\t\t\t\t\t\t\tid=\"slider-191-slide-312-layer-16\" \n\t\t\t\t\t\t\t\t\t\t\tclass=\"rs-layer rev-btn\"\n\t\t\t\t\t\t\t\t\t\t\thref=\"https:\/\/www.globaldocumentsolutions.com\/fr\/demandez-un-devis\/\" target=\"_blank\" rel=\"noopener\"\n\t\t\t\t\t\t\t\t\t\t\tdata-type=\"button\"\n\t\t\t\t\t\t\t\t\t\t\tdata-color=\"rgba(255,255,255,1)\"\n\t\t\t\t\t\t\t\t\t\t\tdata-xy=\"\"\n\t\t\t\t\t\t\t\t\t\t\tdata-pos=\"r\"\n\t\t\t\t\t\t\t\t\t\t\tdata-text=\"s:19;l:48;fw:500;a:inherit;\"\n\t\t\t\t\t\t\t\t\t\t\tdata-rsp_o=\"off\"\n\t\t\t\t\t\t\t\t\t\t\tdata-rsp_bd=\"off\"\n\t\t\t\t\t\t\t\t\t\t\tdata-disp=\"inline-block\"\n\t\t\t\t\t\t\t\t\t\t\tdata-padding=\"r:35;l:35;\"\n\t\t\t\t\t\t\t\t\t\t\tdata-border=\"bos:solid;boc:rgba(255,255,255,1);bow:2px,2px,2px,2px;bor:30px,30px,30px,30px;\"\n\t\t\t\t\t\t\t\t\t\t\tdata-frame_0=\"y:50px;blu:10px;\"\n\t\t\t\t\t\t\t\t\t\t\tdata-frame_1=\"e:power4.out;st:900;sp:1000;sR:890;\"\n\t\t\t\t\t\t\t\t\t\t\tdata-frame_999=\"o:0;st:w;sR:8990;\"\n\t\t\t\t\t\t\t\t\t\t\tdata-frame_hover=\"bgc:#d0c184;boc:#d0c184;bor:30px,30px,30px,30px;bos:solid;bow:2px,2px,2px,2px;oX:50;oY:50;sp:200;e:none;\"\n\t\t\t\t\t\t\t\t\t\t\tstyle=\"z-index:9;font-family:'Poppins';cursor:pointer;display:inline-block;outline:none;box-shadow:none;box-sizing:border-box;-moz-box-sizing:border-box;-webkit-box-sizing:border-box;\"\n\t\t\t\t\t\t\t\t\t\t>Obtenez un devis personnalis\u00e9\n \n\t\t\t\t\t\t\t\t\t\t<\/a><!--\n\t\t\t\t\t\t\t\t\t--><\/rs-column><!--\n\t\t\t\t\t\t\t\t--><\/rs-row><!--\n\t\t\t\t\t\t\t--><\/rs-zone><!--\n-->\t\t\t\t\t\t<\/rs-slide>\n\t\t\t\t\t<\/rs-slides>\n\t\t\t\t<\/rs-module>\n\t\t\t\t<script>\n\t\t\t\t\tsetREVStartSize({c: 'getstarted',rl:[1240,1024,778,480],el:[522,500,400,400],gw:[1240,1024,778,480],gh:[500,500,400,400],type:'hero',justify:'',layout:'fullwidth',mh:\"0\"});if (window.RS_MODULES!==undefined && window.RS_MODULES.modules!==undefined && window.RS_MODULES.modules[\"getstarted\"]!==undefined) {window.RS_MODULES.modules[\"getstarted\"].once = false;window.revapi191 = undefined;if (window.RS_MODULES.checkMinimal!==undefined) window.RS_MODULES.checkMinimal()}\n\t\t\t\t<\/script>\n\t\t\t<\/rs-module-wrap>\n\t\t\t<!-- END REVOLUTION SLIDER -->\n<\/div><\/div><\/div><\/div><\/div>\n","protected":false},"excerpt":{"rendered":"","protected":false},"author":7,"featured_media":0,"parent":0,"menu_order":0,"comment_status":"closed","ping_status":"closed","template":"100-width.php","meta":{"om_disable_all_campaigns":false,"_monsterinsights_skip_tracking":false,"_monsterinsights_sitenote_active":false,"_monsterinsights_sitenote_note":"","_monsterinsights_sitenote_category":0,"footnotes":""},"class_list":["post-60638","page","type-page","status-publish","hentry"],"aioseo_notices":[],"_links":{"self":[{"href":"https:\/\/www.globaldocumentsolutions.com\/fr\/wp-json\/wp\/v2\/pages\/60638","targetHints":{"allow":["GET"]}}],"collection":[{"href":"https:\/\/www.globaldocumentsolutions.com\/fr\/wp-json\/wp\/v2\/pages"}],"about":[{"href":"https:\/\/www.globaldocumentsolutions.com\/fr\/wp-json\/wp\/v2\/types\/page"}],"author":[{"embeddable":true,"href":"https:\/\/www.globaldocumentsolutions.com\/fr\/wp-json\/wp\/v2\/users\/7"}],"replies":[{"embeddable":true,"href":"https:\/\/www.globaldocumentsolutions.com\/fr\/wp-json\/wp\/v2\/comments?post=60638"}],"version-history":[{"count":0,"href":"https:\/\/www.globaldocumentsolutions.com\/fr\/wp-json\/wp\/v2\/pages\/60638\/revisions"}],"wp:attachment":[{"href":"https:\/\/www.globaldocumentsolutions.com\/fr\/wp-json\/wp\/v2\/media?parent=60638"}],"curies":[{"name":"wp","href":"https:\/\/api.w.org\/{rel}","templated":true}]}}